{"id":7018,"date":"2026-03-09T10:45:51","date_gmt":"2026-03-09T07:45:51","guid":{"rendered":"https:\/\/brksoft.com\/tr\/?post_type=product&#038;p=7018"},"modified":"2026-04-28T16:46:11","modified_gmt":"2026-04-28T13:46:11","slug":"woocommerce-amazon-entegrasyonu-premium-yillik","status":"publish","type":"product","link":"https:\/\/brksoft.com\/tr\/urun\/woocommerce-amazon-entegrasyonu-premium-yillik\/","title":{"rendered":"Amazon Entegrasyonu Premium &#8211; Y\u0131ll\u0131k"},"content":{"rendered":"","protected":false},"excerpt":{"rendered":"<p><!-- \u00dcCRETS\u0130Z vs PREMIUM --><\/p>\n<h2 style=\"text-align: center;margin-bottom: 4px\">\u00dccretsiz vs Premium \u2014 bir bak\u0131\u015fta<\/h2>\n<p style=\"text-align: center;color: #666;margin-top: 0\">\u00dccretsiz s\u00fcr\u00fcm stok ve fiyat senkronizasyonunu halleder. Premium, <em>geri kalan her \u015feyi<\/em> a\u00e7ar.<\/p>\n<table style=\"width: 100%;border-collapse: collapse;margin: 24px 0 40px;font-size: 15px\">\n<thead>\n<tr style=\"background: #232F3E;color: #fff\">\n<th style=\"padding: 12px 16px;text-align: left;border-radius: 8px 0 0 0\">\u00d6zellik<\/th>\n<th style=\"padding: 12px 16px;text-align: center\">\u00dccretsiz<\/th>\n<th style=\"padding: 12px 16px;text-align: center;border-radius: 0 8px 0 0\">Premium<\/th>\n<\/tr>\n<\/thead>\n<tbody>\n<tr style=\"background: #f9f9f9\">\n<td style=\"padding: 10px 16px\">Toplu Stok Senkronizasyonu (\u00e7ift y\u00f6nl\u00fc)<\/td>\n<td style=\"text-align: center\">\u2705<\/td>\n<td style=\"text-align: center\">\u2705<\/td>\n<\/tr>\n<tr>\n<td style=\"padding: 10px 16px\">Toplu Fiyat Senkronizasyonu (\u00e7ift y\u00f6nl\u00fc)<\/td>\n<td style=\"text-align: center\">\u2705<\/td>\n<td style=\"text-align: center\">\u2705<\/td>\n<\/tr>\n<tr style=\"background: #f9f9f9\">\n<td style=\"padding: 10px 16px\">Sipari\u015f Gelince Otomatik Stok D\u00fc\u015fme<\/td>\n<td style=\"text-align: center\">\u2705<\/td>\n<td style=\"text-align: center\">\u2705<\/td>\n<\/tr>\n<tr>\n<td style=\"padding: 10px 16px\">\ud83d\udce6 \u00dcr\u00fcn Y\u00fckleme (WooCommerce \u2192 Amazon)<\/td>\n<td style=\"text-align: center\">\u274c<\/td>\n<td style=\"text-align: center\">\u2705<\/td>\n<\/tr>\n<tr style=\"background: #f9f9f9\">\n<td style=\"padding: 10px 16px\">\ud83d\udce5 \u00dcr\u00fcn \u0130\u00e7e Aktarma (Amazon \u2192 WooCommerce)<\/td>\n<td style=\"text-align: center\">\u274c<\/td>\n<td style=\"text-align: center\">\u2705<\/td>\n<\/tr>\n<tr>\n<td style=\"padding: 10px 16px\">\ud83d\uded2 Sipari\u015f \u00c7ekme ve Y\u00f6netimi<\/td>\n<td style=\"text-align: center\">\u274c<\/td>\n<td style=\"text-align: center\">\u2705<\/td>\n<\/tr>\n<tr style=\"background: #f9f9f9\">\n<td style=\"padding: 10px 16px\">\ud83d\ude9a Kargo Onay\u0131 ve Takip Bilgisi<\/td>\n<td style=\"text-align: center\">\u274c<\/td>\n<td style=\"text-align: center\">\u2705<\/td>\n<\/tr>\n<tr>\n<td style=\"padding: 10px 16px\">\ud83d\uddc2\ufe0f Kategori ve \u00d6zellik E\u015fleme<\/td>\n<td style=\"text-align: center\">\u274c<\/td>\n<td style=\"text-align: center\">\u2705<\/td>\n<\/tr>\n<tr style=\"background: #f9f9f9\">\n<td style=\"padding: 10px 16px\">\ud83d\udcb0 Fiyat Analizi ve Komisyon Hesaplama<\/td>\n<td style=\"text-align: center\">\u274c<\/td>\n<td style=\"text-align: center\">\u2705<\/td>\n<\/tr>\n<tr>\n<td style=\"padding: 10px 16px\">\ud83d\udd14 E-posta Bildirimleri ve Dashboard Widget<\/td>\n<td style=\"text-align: center\">\u274c<\/td>\n<td style=\"text-align: center\">\u2705<\/td>\n<\/tr>\n<tr style=\"background: #f9f9f9\">\n<td style=\"padding: 10px 16px\">\u26a1 Zamanlanm\u0131\u015f Otomasyon (Cron)<\/td>\n<td style=\"text-align: center\">\u274c<\/td>\n<td style=\"text-align: center\">\u2705<\/td>\n<\/tr>\n<tr>\n<td style=\"padding: 10px 16px\">\ud83d\udd0d SKU E\u015fle\u015ftirici ve Listeleme Ara\u00e7lar\u0131<\/td>\n<td style=\"text-align: center\">\u274c<\/td>\n<td style=\"text-align: center\">\u2705<\/td>\n<\/tr>\n<tr style=\"background: #f9f9f9\">\n<td style=\"padding: 10px 16px\">\ud83e\ude7a Sa\u011fl\u0131k Kontrol\u00fc ve Hata Ay\u0131klama<\/td>\n<td style=\"text-align: center\">\u2705<\/td>\n<td style=\"text-align: center\">\u2705<\/td>\n<\/tr>\n<\/tbody>\n<\/table>\n<p><!-- \u00d6ZELL\u0130K DETAYLARI --><\/p>\n<h2 style=\"text-align: center\">\ud83c\udf1f Premium ile Neler Kazan\u0131rs\u0131n\u0131z?<\/h2>\n<div style=\"grid-template-columns: 1fr 1fr;gap: 20px;margin: 24px 0\">\n<div style=\"background: #fff;border: 1px solid #e0e0e0;border-radius: 10px;padding: 24px;border-top: 3px solid #FF9900\">\n<h3 style=\"margin-top: 0\">\ud83d\udce6 \u00dcr\u00fcn Y\u00fckleme<\/h3>\n<p>WooCommerce katalo\u011funuzu Amazon&#8217;a aktar\u0131n \u2014 tekli veya toplu. Basit ve varyasyonlu \u00fcr\u00fcnler desteklenir. Yay\u0131nla butonuna bast\u0131\u011f\u0131n\u0131zda \u00fcr\u00fcn an\u0131nda Amazon&#8217;a g\u00f6nderilsin mi? Ayarlardan a\u00e7\u0131n, gerisini eklenti halleder.<\/p>\n<\/div>\n<div style=\"background: #fff;border: 1px solid #e0e0e0;border-radius: 10px;padding: 24px;border-top: 3px solid #FF9900\">\n<h3 style=\"margin-top: 0\">\ud83d\udce5 \u00dcr\u00fcn \u0130\u00e7e Aktarma<\/h3>\n<p>Zaten Amazon&#8217;da sat\u0131\u015f m\u0131 yap\u0131yorsunuz? T\u00fcm katalo\u011funuzu dakikalar i\u00e7inde WooCommerce&#8217;e \u00e7ekin. Varyasyonlar otomatik gruplan\u0131r, g\u00f6rseller indirilir, kategoriler e\u015flenir \u2014 manuel veri giri\u015fi yok.<\/p>\n<\/div>\n<div style=\"background: #fff;border: 1px solid #e0e0e0;border-radius: 10px;padding: 24px;border-top: 3px solid #FF9900\">\n<h3 style=\"margin-top: 0\">\ud83d\uded2 Sipari\u015f Y\u00f6netimi<\/h3>\n<p>Amazon sipari\u015flerini otomatik olarak WooCommerce&#8217;e aktar\u0131n. M\u00fc\u015fteri bilgileri, \u00fcr\u00fcn detaylar\u0131 ve sipari\u015f meta verileri \u2014 hepsi senkronize. T\u00fcm kanallar\u0131n\u0131z\u0131 tek panelden y\u00f6netin.<\/p>\n<\/div>\n<div style=\"background: #fff;border: 1px solid #e0e0e0;border-radius: 10px;padding: 24px;border-top: 3px solid #FF9900\">\n<h3 style=\"margin-top: 0\">\ud83d\ude9a Kargo Onay\u0131<\/h3>\n<p>WooCommerce&#8217;de sipari\u015fi tamamlad\u0131\u011f\u0131n\u0131zda kargo takip bilgisi Amazon&#8217;a otomatik g\u00f6nderilir. Yurti\u00e7i Kargo, Aras, MNG, PTT, HepsiJET ve daha fazlas\u0131 \u2014 tek t\u0131kla onay. Seller Central&#8217;a girmenize gerek kalmaz.<\/p>\n<\/div>\n<div style=\"background: #fff;border: 1px solid #e0e0e0;border-radius: 10px;padding: 24px;border-top: 3px solid #FF9900\">\n<h3 style=\"margin-top: 0\">\ud83d\udcb0 Fiyat Analizi<\/h3>\n<p>Buy Box fiyat\u0131n\u0131, rakip tekliflerini ve tahmini Amazon komisyonlar\u0131n\u0131 WordPress i\u00e7inden g\u00f6r\u00fcn. Ger\u00e7ek k\u00e2r marj\u0131n\u0131z\u0131 \u00fcr\u00fcn\u00fc listelemeden <em>\u00f6nce<\/em> hesaplay\u0131n, sonra de\u011fil.<\/p>\n<\/div>\n<div style=\"background: #fff;border: 1px solid #e0e0e0;border-radius: 10px;padding: 24px;border-top: 3px solid #FF9900\">\n<h3 style=\"margin-top: 0\">\u26a1 Tam Otomasyon<\/h3>\n<p>Kur ve unut. Stok kontrol\u00fc, fiyat senkronizasyonu ve sipari\u015f \u00e7ekmeyi 5 dakikadan g\u00fcnl\u00fc\u011fe kadar zamanlay\u0131n. Siz b\u00fcy\u00fcmeye odaklan\u0131rken ma\u011fazan\u0131z otopilotta \u00e7al\u0131\u015fs\u0131n.<\/p>\n<\/div>\n<\/div>\n<p><!-- G\u00dcVEN \/ \u0130STAT\u0130ST\u0130K --><\/p>\n<div style=\"background: #232F3E;color: #fff;border-radius: 10px;padding: 32px;margin: 32px 0;text-align: center\">\n<h2 style=\"margin-top: 0;color: #ff9900\">Neden Premium&#8217;a ge\u00e7melisiniz?<\/h2>\n<div style=\"justify-content: space-around;flex-wrap: wrap;gap: 16px;margin-top: 20px\">\n<div>\n<div style=\"font-size: 32px;font-weight: bold;color: #ff9900\">23+<\/div>\n<div style=\"font-size: 14px;opacity: 0.85\">Amazon Pazaryeri<\/div>\n<\/div>\n<div>\n<div style=\"font-size: 32px;font-weight: bold;color: #ff9900\">%100<\/div>\n<div style=\"font-size: 14px;opacity: 0.85\">SP-API Native<\/div>\n<\/div>\n<div>\n<div style=\"font-size: 32px;font-weight: bold;color: #ff9900\">0<\/div>\n<div style=\"font-size: 14px;opacity: 0.85\">\u00dc\u00e7\u00fcnc\u00fc Parti Ba\u011f\u0131ml\u0131l\u0131k<\/div>\n<\/div>\n<div>\n<div style=\"font-size: 32px;font-weight: bold;color: #ff9900\">5 dk<\/div>\n<div style=\"font-size: 14px;opacity: 0.85\">En H\u0131zl\u0131 Senkronizasyon<\/div>\n<\/div>\n<\/div>\n<\/div>\n","protected":false},"featured_media":7020,"template":"","meta":[],"product_brand":[],"product_cat":[33],"product_tag":[],"class_list":{"0":"post-7018","1":"product","2":"type-product","3":"status-publish","4":"has-post-thumbnail","6":"product_cat-site-geneli","8":"first","9":"instock","10":"downloadable","11":"virtual","12":"taxable","13":"purchasable","14":"product-type-simple"},"yoast_head":"<!-- This site is optimized with the Yoast SEO Premium plugin v27.4 (Yoast SEO v27.4) - https:\/\/yoast.com\/product\/yoast-seo-premium-wordpress\/ -->\n<title>Amazon Entegrasyonu Premium - Y\u0131ll\u0131k | Brksoft<\/title>\n<meta name=\"robots\" content=\"index, follow, max-snippet:-1, max-image-preview:large, max-video-preview:-1\" \/>\n<link rel=\"canonical\" href=\"https:\/\/brksoft.com\/tr\/urun\/woocommerce-amazon-entegrasyonu-premium-yillik\/\" \/>\n<meta property=\"og:locale\" content=\"tr_TR\" \/>\n<meta property=\"og:type\" content=\"article\" \/>\n<meta property=\"og:title\" content=\"Amazon Entegrasyonu Premium - Y\u0131ll\u0131k\" \/>\n<meta property=\"og:description\" content=\"\u00dccretsiz vs Premium \u2014 bir bak\u0131\u015fta \u00dccretsiz s\u00fcr\u00fcm stok ve fiyat senkronizasyonunu halleder. Premium, geri kalan her \u015feyi a\u00e7ar.     \u00d6zellik \u00dccretsiz Premium     Toplu Stok Senkronizasyonu (\u00e7ift y\u00f6nl\u00fc) \u2705 \u2705   Toplu Fiyat Senkronizasyonu (\u00e7ift y\u00f6nl\u00fc) \u2705 \u2705   Sipari\u015f Gelince Otomatik Stok D\u00fc\u015fme \u2705 \u2705   \ud83d\udce6 \u00dcr\u00fcn Y\u00fckleme (WooCommerce \u2192 Amazon) \u274c \u2705   \ud83d\udce5 \u00dcr\u00fcn \u0130\u00e7e Aktarma (Amazon \u2192 WooCommerce) \u274c \u2705   \ud83d\uded2 Sipari\u015f \u00c7ekme ve Y\u00f6netimi \u274c \u2705   \ud83d\ude9a Kargo Onay\u0131 ve Takip Bilgisi \u274c \u2705   \ud83d\uddc2\ufe0f Kategori ve \u00d6zellik E\u015fleme \u274c \u2705   \ud83d\udcb0 Fiyat Analizi ve Komisyon Hesaplama \u274c \u2705   \ud83d\udd14 E-posta Bildirimleri ve Dashboard Widget \u274c \u2705   \u26a1 Zamanlanm\u0131\u015f Otomasyon (Cron) \u274c \u2705   \ud83d\udd0d SKU E\u015fle\u015ftirici ve Listeleme Ara\u00e7lar\u0131 \u274c \u2705   \ud83e\ude7a Sa\u011fl\u0131k Kontrol\u00fc ve Hata Ay\u0131klama \u2705 \u2705     \ud83c\udf1f Premium ile Neler Kazan\u0131rs\u0131n\u0131z?   \ud83d\udce6 \u00dcr\u00fcn Y\u00fckleme WooCommerce katalo\u011funuzu Amazon&#039;a aktar\u0131n \u2014 tekli veya toplu. Basit ve varyasyonlu \u00fcr\u00fcnler desteklenir. Yay\u0131nla butonuna bast\u0131\u011f\u0131n\u0131zda \u00fcr\u00fcn an\u0131nda Amazon&#039;a g\u00f6nderilsin mi? Ayarlardan a\u00e7\u0131n, gerisini eklenti halleder.    \ud83d\udce5 \u00dcr\u00fcn \u0130\u00e7e Aktarma Zaten Amazon&#039;da sat\u0131\u015f m\u0131 yap\u0131yorsunuz? T\u00fcm katalo\u011funuzu dakikalar i\u00e7inde WooCommerce&#039;e \u00e7ekin. Varyasyonlar otomatik gruplan\u0131r, g\u00f6rseller indirilir, kategoriler e\u015flenir \u2014 manuel veri giri\u015fi yok.    \ud83d\uded2 Sipari\u015f Y\u00f6netimi Amazon sipari\u015flerini otomatik olarak WooCommerce&#039;e aktar\u0131n. M\u00fc\u015fteri bilgileri, \u00fcr\u00fcn detaylar\u0131 ve sipari\u015f meta verileri \u2014 hepsi senkronize. T\u00fcm kanallar\u0131n\u0131z\u0131 tek panelden y\u00f6netin.    \ud83d\ude9a Kargo Onay\u0131 WooCommerce&#039;de sipari\u015fi tamamlad\u0131\u011f\u0131n\u0131zda kargo takip bilgisi Amazon&#039;a otomatik g\u00f6nderilir. Yurti\u00e7i Kargo, Aras, MNG, PTT, HepsiJET ve daha fazlas\u0131 \u2014 tek t\u0131kla onay. Seller Central&#039;a girmenize gerek kalmaz.    \ud83d\udcb0 Fiyat Analizi Buy Box fiyat\u0131n\u0131, rakip tekliflerini ve tahmini Amazon komisyonlar\u0131n\u0131 WordPress i\u00e7inden g\u00f6r\u00fcn. Ger\u00e7ek k\u00e2r marj\u0131n\u0131z\u0131 \u00fcr\u00fcn\u00fc listelemeden \u00f6nce hesaplay\u0131n, sonra de\u011fil.    \u26a1 Tam Otomasyon Kur ve unut. Stok kontrol\u00fc, fiyat senkronizasyonu ve sipari\u015f \u00e7ekmeyi 5 dakikadan g\u00fcnl\u00fc\u011fe kadar zamanlay\u0131n. Siz b\u00fcy\u00fcmeye odaklan\u0131rken ma\u011fazan\u0131z otopilotta \u00e7al\u0131\u015fs\u0131n.      Neden Premium&#039;a ge\u00e7melisiniz?   23+ Amazon Pazaryeri   %100 SP-API Native   0 \u00dc\u00e7\u00fcnc\u00fc Parti Ba\u011f\u0131ml\u0131l\u0131k   5 dk En H\u0131zl\u0131 Senkronizasyon\" \/>\n<meta property=\"og:url\" content=\"https:\/\/brksoft.com\/tr\/urun\/woocommerce-amazon-entegrasyonu-premium-yillik\/\" \/>\n<meta property=\"og:site_name\" content=\"Brksoft\" \/>\n<meta property=\"article:publisher\" content=\"https:\/\/www.facebook.com\/brksoft\" \/>\n<meta property=\"article:modified_time\" content=\"2026-04-28T13:46:11+00:00\" \/>\n<meta property=\"og:image\" content=\"https:\/\/brksoft.com\/tr\/wp-content\/uploads\/2026\/03\/1000-x-1000-1.webp\" \/>\n\t<meta property=\"og:image:width\" content=\"1000\" \/>\n\t<meta property=\"og:image:height\" content=\"1000\" \/>\n\t<meta property=\"og:image:type\" content=\"image\/webp\" \/>\n<meta name=\"twitter:card\" content=\"summary_large_image\" \/>\n<meta name=\"twitter:site\" content=\"@brksoft\" \/>\n<script type=\"application\/ld+json\" class=\"yoast-schema-graph\">{\"@context\":\"https:\\\/\\\/schema.org\",\"@graph\":[{\"@type\":\"WebPage\",\"@id\":\"https:\\\/\\\/brksoft.com\\\/tr\\\/urun\\\/woocommerce-amazon-entegrasyonu-premium-yillik\\\/\",\"url\":\"https:\\\/\\\/brksoft.com\\\/tr\\\/urun\\\/woocommerce-amazon-entegrasyonu-premium-yillik\\\/\",\"name\":\"Amazon Entegrasyonu Premium - Y\u0131ll\u0131k | Brksoft\",\"isPartOf\":{\"@id\":\"https:\\\/\\\/brksoft.com\\\/tr\\\/#website\"},\"primaryImageOfPage\":{\"@id\":\"https:\\\/\\\/brksoft.com\\\/tr\\\/urun\\\/woocommerce-amazon-entegrasyonu-premium-yillik\\\/#primaryimage\"},\"image\":{\"@id\":\"https:\\\/\\\/brksoft.com\\\/tr\\\/urun\\\/woocommerce-amazon-entegrasyonu-premium-yillik\\\/#primaryimage\"},\"thumbnailUrl\":\"https:\\\/\\\/brksoft.com\\\/tr\\\/wp-content\\\/uploads\\\/2026\\\/03\\\/1000-x-1000-1.webp\",\"datePublished\":\"2026-03-09T07:45:51+00:00\",\"dateModified\":\"2026-04-28T13:46:11+00:00\",\"breadcrumb\":{\"@id\":\"https:\\\/\\\/brksoft.com\\\/tr\\\/urun\\\/woocommerce-amazon-entegrasyonu-premium-yillik\\\/#breadcrumb\"},\"inLanguage\":\"tr\",\"potentialAction\":[{\"@type\":\"ReadAction\",\"target\":[\"https:\\\/\\\/brksoft.com\\\/tr\\\/urun\\\/woocommerce-amazon-entegrasyonu-premium-yillik\\\/\"]}]},{\"@type\":\"ImageObject\",\"inLanguage\":\"tr\",\"@id\":\"https:\\\/\\\/brksoft.com\\\/tr\\\/urun\\\/woocommerce-amazon-entegrasyonu-premium-yillik\\\/#primaryimage\",\"url\":\"https:\\\/\\\/brksoft.com\\\/tr\\\/wp-content\\\/uploads\\\/2026\\\/03\\\/1000-x-1000-1.webp\",\"contentUrl\":\"https:\\\/\\\/brksoft.com\\\/tr\\\/wp-content\\\/uploads\\\/2026\\\/03\\\/1000-x-1000-1.webp\",\"width\":1000,\"height\":1000},{\"@type\":\"BreadcrumbList\",\"@id\":\"https:\\\/\\\/brksoft.com\\\/tr\\\/urun\\\/woocommerce-amazon-entegrasyonu-premium-yillik\\\/#breadcrumb\",\"itemListElement\":[{\"@type\":\"ListItem\",\"position\":1,\"name\":\"Ana Sayfa\",\"item\":\"https:\\\/\\\/brksoft.com\\\/tr\\\/\"},{\"@type\":\"ListItem\",\"position\":2,\"name\":\"Ma\u011faza\",\"item\":\"https:\\\/\\\/brksoft.com\\\/tr\\\/magaza\\\/\"},{\"@type\":\"ListItem\",\"position\":3,\"name\":\"Amazon Entegrasyonu Premium &#8211; Y\u0131ll\u0131k\"}]},{\"@type\":\"WebSite\",\"@id\":\"https:\\\/\\\/brksoft.com\\\/tr\\\/#website\",\"url\":\"https:\\\/\\\/brksoft.com\\\/tr\\\/\",\"name\":\"Brksoft\",\"description\":\"Bir e-ticaret sitesi kurmak art\u0131k \u00e7ok kolay\",\"publisher\":{\"@id\":\"https:\\\/\\\/brksoft.com\\\/tr\\\/#organization\"},\"potentialAction\":[{\"@type\":\"SearchAction\",\"target\":{\"@type\":\"EntryPoint\",\"urlTemplate\":\"https:\\\/\\\/brksoft.com\\\/tr\\\/?s={search_term_string}\"},\"query-input\":{\"@type\":\"PropertyValueSpecification\",\"valueRequired\":true,\"valueName\":\"search_term_string\"}}],\"inLanguage\":\"tr\"},{\"@type\":\"Organization\",\"@id\":\"https:\\\/\\\/brksoft.com\\\/tr\\\/#organization\",\"name\":\"Brksoft\",\"url\":\"https:\\\/\\\/brksoft.com\\\/tr\\\/\",\"logo\":{\"@type\":\"ImageObject\",\"inLanguage\":\"tr\",\"@id\":\"https:\\\/\\\/brksoft.com\\\/tr\\\/#\\\/schema\\\/logo\\\/image\\\/\",\"url\":\"https:\\\/\\\/brksoft.com\\\/tr\\\/wp-content\\\/uploads\\\/2023\\\/12\\\/Brksoft-45.png\",\"contentUrl\":\"https:\\\/\\\/brksoft.com\\\/tr\\\/wp-content\\\/uploads\\\/2023\\\/12\\\/Brksoft-45.png\",\"width\":2000,\"height\":2000,\"caption\":\"Brksoft\"},\"image\":{\"@id\":\"https:\\\/\\\/brksoft.com\\\/tr\\\/#\\\/schema\\\/logo\\\/image\\\/\"},\"sameAs\":[\"https:\\\/\\\/www.facebook.com\\\/brksoft\",\"https:\\\/\\\/x.com\\\/brksoft\",\"https:\\\/\\\/www.instagram.com\\\/brksoft\\\/\",\"https:\\\/\\\/www.linkedin.com\\\/company\\\/brksoft\\\/?viewAsMember=true\",\"https:\\\/\\\/www.youtube.com\\\/@brksoftt\"]}]}<\/script>\n<!-- \/ Yoast SEO Premium plugin. -->","yoast_head_json":{"title":"Amazon Entegrasyonu Premium - Y\u0131ll\u0131k | Brksoft","robots":{"index":"index","follow":"follow","max-snippet":"max-snippet:-1","max-image-preview":"max-image-preview:large","max-video-preview":"max-video-preview:-1"},"canonical":"https:\/\/brksoft.com\/tr\/urun\/woocommerce-amazon-entegrasyonu-premium-yillik\/","og_locale":"tr_TR","og_type":"article","og_title":"Amazon Entegrasyonu Premium - Y\u0131ll\u0131k","og_description":"\u00dccretsiz vs Premium \u2014 bir bak\u0131\u015fta \u00dccretsiz s\u00fcr\u00fcm stok ve fiyat senkronizasyonunu halleder. Premium, geri kalan her \u015feyi a\u00e7ar.     \u00d6zellik \u00dccretsiz Premium     Toplu Stok Senkronizasyonu (\u00e7ift y\u00f6nl\u00fc) \u2705 \u2705   Toplu Fiyat Senkronizasyonu (\u00e7ift y\u00f6nl\u00fc) \u2705 \u2705   Sipari\u015f Gelince Otomatik Stok D\u00fc\u015fme \u2705 \u2705   \ud83d\udce6 \u00dcr\u00fcn Y\u00fckleme (WooCommerce \u2192 Amazon) \u274c \u2705   \ud83d\udce5 \u00dcr\u00fcn \u0130\u00e7e Aktarma (Amazon \u2192 WooCommerce) \u274c \u2705   \ud83d\uded2 Sipari\u015f \u00c7ekme ve Y\u00f6netimi \u274c \u2705   \ud83d\ude9a Kargo Onay\u0131 ve Takip Bilgisi \u274c \u2705   \ud83d\uddc2\ufe0f Kategori ve \u00d6zellik E\u015fleme \u274c \u2705   \ud83d\udcb0 Fiyat Analizi ve Komisyon Hesaplama \u274c \u2705   \ud83d\udd14 E-posta Bildirimleri ve Dashboard Widget \u274c \u2705   \u26a1 Zamanlanm\u0131\u015f Otomasyon (Cron) \u274c \u2705   \ud83d\udd0d SKU E\u015fle\u015ftirici ve Listeleme Ara\u00e7lar\u0131 \u274c \u2705   \ud83e\ude7a Sa\u011fl\u0131k Kontrol\u00fc ve Hata Ay\u0131klama \u2705 \u2705     \ud83c\udf1f Premium ile Neler Kazan\u0131rs\u0131n\u0131z?   \ud83d\udce6 \u00dcr\u00fcn Y\u00fckleme WooCommerce katalo\u011funuzu Amazon'a aktar\u0131n \u2014 tekli veya toplu. Basit ve varyasyonlu \u00fcr\u00fcnler desteklenir. Yay\u0131nla butonuna bast\u0131\u011f\u0131n\u0131zda \u00fcr\u00fcn an\u0131nda Amazon'a g\u00f6nderilsin mi? Ayarlardan a\u00e7\u0131n, gerisini eklenti halleder.    \ud83d\udce5 \u00dcr\u00fcn \u0130\u00e7e Aktarma Zaten Amazon'da sat\u0131\u015f m\u0131 yap\u0131yorsunuz? T\u00fcm katalo\u011funuzu dakikalar i\u00e7inde WooCommerce'e \u00e7ekin. Varyasyonlar otomatik gruplan\u0131r, g\u00f6rseller indirilir, kategoriler e\u015flenir \u2014 manuel veri giri\u015fi yok.    \ud83d\uded2 Sipari\u015f Y\u00f6netimi Amazon sipari\u015flerini otomatik olarak WooCommerce'e aktar\u0131n. M\u00fc\u015fteri bilgileri, \u00fcr\u00fcn detaylar\u0131 ve sipari\u015f meta verileri \u2014 hepsi senkronize. T\u00fcm kanallar\u0131n\u0131z\u0131 tek panelden y\u00f6netin.    \ud83d\ude9a Kargo Onay\u0131 WooCommerce'de sipari\u015fi tamamlad\u0131\u011f\u0131n\u0131zda kargo takip bilgisi Amazon'a otomatik g\u00f6nderilir. Yurti\u00e7i Kargo, Aras, MNG, PTT, HepsiJET ve daha fazlas\u0131 \u2014 tek t\u0131kla onay. Seller Central'a girmenize gerek kalmaz.    \ud83d\udcb0 Fiyat Analizi Buy Box fiyat\u0131n\u0131, rakip tekliflerini ve tahmini Amazon komisyonlar\u0131n\u0131 WordPress i\u00e7inden g\u00f6r\u00fcn. Ger\u00e7ek k\u00e2r marj\u0131n\u0131z\u0131 \u00fcr\u00fcn\u00fc listelemeden \u00f6nce hesaplay\u0131n, sonra de\u011fil.    \u26a1 Tam Otomasyon Kur ve unut. Stok kontrol\u00fc, fiyat senkronizasyonu ve sipari\u015f \u00e7ekmeyi 5 dakikadan g\u00fcnl\u00fc\u011fe kadar zamanlay\u0131n. Siz b\u00fcy\u00fcmeye odaklan\u0131rken ma\u011fazan\u0131z otopilotta \u00e7al\u0131\u015fs\u0131n.      Neden Premium'a ge\u00e7melisiniz?   23+ Amazon Pazaryeri   %100 SP-API Native   0 \u00dc\u00e7\u00fcnc\u00fc Parti Ba\u011f\u0131ml\u0131l\u0131k   5 dk En H\u0131zl\u0131 Senkronizasyon","og_url":"https:\/\/brksoft.com\/tr\/urun\/woocommerce-amazon-entegrasyonu-premium-yillik\/","og_site_name":"Brksoft","article_publisher":"https:\/\/www.facebook.com\/brksoft","article_modified_time":"2026-04-28T13:46:11+00:00","og_image":[{"width":1000,"height":1000,"url":"https:\/\/brksoft.com\/tr\/wp-content\/uploads\/2026\/03\/1000-x-1000-1.webp","type":"image\/webp"}],"twitter_card":"summary_large_image","twitter_site":"@brksoft","schema":{"@context":"https:\/\/schema.org","@graph":[{"@type":"WebPage","@id":"https:\/\/brksoft.com\/tr\/urun\/woocommerce-amazon-entegrasyonu-premium-yillik\/","url":"https:\/\/brksoft.com\/tr\/urun\/woocommerce-amazon-entegrasyonu-premium-yillik\/","name":"Amazon Entegrasyonu Premium - Y\u0131ll\u0131k | Brksoft","isPartOf":{"@id":"https:\/\/brksoft.com\/tr\/#website"},"primaryImageOfPage":{"@id":"https:\/\/brksoft.com\/tr\/urun\/woocommerce-amazon-entegrasyonu-premium-yillik\/#primaryimage"},"image":{"@id":"https:\/\/brksoft.com\/tr\/urun\/woocommerce-amazon-entegrasyonu-premium-yillik\/#primaryimage"},"thumbnailUrl":"https:\/\/brksoft.com\/tr\/wp-content\/uploads\/2026\/03\/1000-x-1000-1.webp","datePublished":"2026-03-09T07:45:51+00:00","dateModified":"2026-04-28T13:46:11+00:00","breadcrumb":{"@id":"https:\/\/brksoft.com\/tr\/urun\/woocommerce-amazon-entegrasyonu-premium-yillik\/#breadcrumb"},"inLanguage":"tr","potentialAction":[{"@type":"ReadAction","target":["https:\/\/brksoft.com\/tr\/urun\/woocommerce-amazon-entegrasyonu-premium-yillik\/"]}]},{"@type":"ImageObject","inLanguage":"tr","@id":"https:\/\/brksoft.com\/tr\/urun\/woocommerce-amazon-entegrasyonu-premium-yillik\/#primaryimage","url":"https:\/\/brksoft.com\/tr\/wp-content\/uploads\/2026\/03\/1000-x-1000-1.webp","contentUrl":"https:\/\/brksoft.com\/tr\/wp-content\/uploads\/2026\/03\/1000-x-1000-1.webp","width":1000,"height":1000},{"@type":"BreadcrumbList","@id":"https:\/\/brksoft.com\/tr\/urun\/woocommerce-amazon-entegrasyonu-premium-yillik\/#breadcrumb","itemListElement":[{"@type":"ListItem","position":1,"name":"Ana Sayfa","item":"https:\/\/brksoft.com\/tr\/"},{"@type":"ListItem","position":2,"name":"Ma\u011faza","item":"https:\/\/brksoft.com\/tr\/magaza\/"},{"@type":"ListItem","position":3,"name":"Amazon Entegrasyonu Premium &#8211; Y\u0131ll\u0131k"}]},{"@type":"WebSite","@id":"https:\/\/brksoft.com\/tr\/#website","url":"https:\/\/brksoft.com\/tr\/","name":"Brksoft","description":"Bir e-ticaret sitesi kurmak art\u0131k \u00e7ok kolay","publisher":{"@id":"https:\/\/brksoft.com\/tr\/#organization"},"potentialAction":[{"@type":"SearchAction","target":{"@type":"EntryPoint","urlTemplate":"https:\/\/brksoft.com\/tr\/?s={search_term_string}"},"query-input":{"@type":"PropertyValueSpecification","valueRequired":true,"valueName":"search_term_string"}}],"inLanguage":"tr"},{"@type":"Organization","@id":"https:\/\/brksoft.com\/tr\/#organization","name":"Brksoft","url":"https:\/\/brksoft.com\/tr\/","logo":{"@type":"ImageObject","inLanguage":"tr","@id":"https:\/\/brksoft.com\/tr\/#\/schema\/logo\/image\/","url":"https:\/\/brksoft.com\/tr\/wp-content\/uploads\/2023\/12\/Brksoft-45.png","contentUrl":"https:\/\/brksoft.com\/tr\/wp-content\/uploads\/2023\/12\/Brksoft-45.png","width":2000,"height":2000,"caption":"Brksoft"},"image":{"@id":"https:\/\/brksoft.com\/tr\/#\/schema\/logo\/image\/"},"sameAs":["https:\/\/www.facebook.com\/brksoft","https:\/\/x.com\/brksoft","https:\/\/www.instagram.com\/brksoft\/","https:\/\/www.linkedin.com\/company\/brksoft\/?viewAsMember=true","https:\/\/www.youtube.com\/@brksoftt"]}]}},"_links":{"self":[{"href":"https:\/\/brksoft.com\/tr\/wp-json\/wp\/v2\/product\/7018","targetHints":{"allow":["GET"]}}],"collection":[{"href":"https:\/\/brksoft.com\/tr\/wp-json\/wp\/v2\/product"}],"about":[{"href":"https:\/\/brksoft.com\/tr\/wp-json\/wp\/v2\/types\/product"}],"wp:featuredmedia":[{"embeddable":true,"href":"https:\/\/brksoft.com\/tr\/wp-json\/wp\/v2\/media\/7020"}],"wp:attachment":[{"href":"https:\/\/brksoft.com\/tr\/wp-json\/wp\/v2\/media?parent=7018"}],"wp:term":[{"taxonomy":"product_brand","embeddable":true,"href":"https:\/\/brksoft.com\/tr\/wp-json\/wp\/v2\/product_brand?post=7018"},{"taxonomy":"product_cat","embeddable":true,"href":"https:\/\/brksoft.com\/tr\/wp-json\/wp\/v2\/product_cat?post=7018"},{"taxonomy":"product_tag","embeddable":true,"href":"https:\/\/brksoft.com\/tr\/wp-json\/wp\/v2\/product_tag?post=7018"}],"curies":[{"name":"wp","href":"https:\/\/api.w.org\/{rel}","templated":true}]}}