{"id":6684,"date":"2025-12-03T10:49:36","date_gmt":"2025-12-03T07:49:36","guid":{"rendered":"https:\/\/brksoft.com\/tr\/?page_id=6684"},"modified":"2025-12-03T11:43:06","modified_gmt":"2025-12-03T08:43:06","slug":"hakkimizda","status":"publish","type":"page","link":"https:\/\/brksoft.com\/tr\/hakkimizda\/","title":{"rendered":"Hakk\u0131m\u0131zda"},"content":{"rendered":"\t\t<div data-elementor-type=\"wp-page\" data-elementor-id=\"6684\" class=\"elementor elementor-6684\" data-elementor-post-type=\"page\">\n\t\t\t\t<div class=\"elementor-element elementor-element-3df9230 e-flex e-con-boxed e-con e-parent\" data-id=\"3df9230\" data-element_type=\"container\" data-e-type=\"container\">\n\t\t\t\t\t<div class=\"e-con-inner\">\n\t\t\t\t<div class=\"elementor-element elementor-element-9f08a8b elementor-widget elementor-widget-video\" data-id=\"9f08a8b\" data-element_type=\"widget\" data-e-type=\"widget\" data-settings=\"{&quot;video_type&quot;:&quot;hosted&quot;,&quot;autoplay&quot;:&quot;yes&quot;,&quot;play_on_mobile&quot;:&quot;yes&quot;,&quot;mute&quot;:&quot;yes&quot;,&quot;loop&quot;:&quot;yes&quot;}\" data-widget_type=\"video.default\">\n\t\t\t\t<div class=\"elementor-widget-container\">\n\t\t\t\t\t\t\t<div class=\"e-hosted-video elementor-wrapper elementor-open-inline\">\n\t\t\t\t\t<video class=\"elementor-video\" src=\"https:\/\/brksoft.com\/tr\/wp-content\/uploads\/2025\/12\/original-b375e98991a5662e2c41b70e7b456e64-1-1-1.mp4\" autoplay=\"\" loop=\"\" muted=\"muted\" playsinline=\"\" controlsList=\"nodownload\"><\/video>\n\t\t\t\t<\/div>\n\t\t\t\t\t\t<\/div>\n\t\t\t\t<\/div>\n\t\t\t\t<div class=\"elementor-element elementor-element-03eb594 elementor-widget-mobile__width-initial elementor-invisible elementor-widget elementor-widget-heading\" data-id=\"03eb594\" data-element_type=\"widget\" data-e-type=\"widget\" data-settings=\"{&quot;_animation_delay&quot;:250,&quot;_animation&quot;:&quot;fadeInUp&quot;}\" data-widget_type=\"heading.default\">\n\t\t\t\t<div class=\"elementor-widget-container\">\n\t\t\t\t\t<h1 class=\"elementor-heading-title elementor-size-default\">Y\u00fckselmenize Yard\u0131m Etmek \u0130\u00e7in Kurulduk<\/h1>\t\t\t\t<\/div>\n\t\t\t\t<\/div>\n\t\t\t\t<div class=\"elementor-element elementor-element-6498f5f elementor-widget-mobile__width-initial elementor-invisible elementor-widget elementor-widget-text-editor\" data-id=\"6498f5f\" data-element_type=\"widget\" data-e-type=\"widget\" data-settings=\"{&quot;_animation_delay&quot;:500,&quot;_animation&quot;:&quot;fadeInUp&quot;}\" data-widget_type=\"text-editor.default\">\n\t\t\t\t<div class=\"elementor-widget-container\">\n\t\t\t\t\t\t\t\t\t<p data-path-to-node=\"5\">Logomuzdaki o teknolojik ku\u015f, sadece bir simge de\u011fil; bizim pusulam\u0131zd\u0131r.<\/p><p data-path-to-node=\"6\">Efsaneye g\u00f6re \u0130karus, kafesinden kurtulup \u00f6zg\u00fcrl\u00fc\u011fe eri\u015febilmek i\u00e7in kendine balmumundan kanatlar yapar, y\u00fckselmeye ba\u015flar, kafesi a\u015far, ancak g\u00fcne\u015fe yakla\u015ft\u0131k\u00e7a g\u00fcne\u015f g\u00f6zlerini kama\u015ft\u0131r\u0131r, daha da y\u00fckselir, g\u00fcne\u015f balmumundan kanatlar\u0131n\u0131 eritir ve d\u00fc\u015fer. <br \/>\u00c7o\u011fu ki\u015fi bu hikayeyi bir &#8220;uyar\u0131&#8221; olarak okur: <br \/><i>&#8220;\u00c7ok y\u00fckselme, d\u00fc\u015fersin.&#8221;<\/i><\/p><p data-path-to-node=\"7\">Biz ise bu hikayeyi farkl\u0131 okuyoruz. \u0130karus g\u00fcne\u015fe ula\u015famam\u0131\u015f olabilir ama <b>s\u0131n\u0131rs\u0131zca y\u00fckselme tutkusuna sahip insanlar\u0131n ikonu olmu\u015ftur.<\/b> Bizim i\u00e7in mesele d\u00fc\u015fmek de\u011fil, o y\u00fckselme c\u00fcretini g\u00f6sterebilmektir.<\/p><p data-path-to-node=\"9\">Biz, i\u015f ortaklar\u0131m\u0131z\u0131n kanatlar\u0131 erimesin diye var\u0131z. Sizi g\u00fcne\u015fe (hedeflerinize) en yak\u0131n noktaya ta\u015f\u0131rken, teknolojinin en sa\u011flam kanatlar\u0131n\u0131 sunuyoruz.<\/p>\t\t\t\t\t\t\t\t<\/div>\n\t\t\t\t<\/div>\n\t\t\t\t<div class=\"elementor-element elementor-element-bb5642b elementor-widget-mobile__width-initial elementor-invisible elementor-widget elementor-widget-heading\" data-id=\"bb5642b\" data-element_type=\"widget\" data-e-type=\"widget\" data-settings=\"{&quot;_animation_delay&quot;:250,&quot;_animation&quot;:&quot;fadeInUp&quot;}\" data-widget_type=\"heading.default\">\n\t\t\t\t<div class=\"elementor-widget-container\">\n\t\t\t\t\t<h2 class=\"elementor-heading-title elementor-size-default\">\u0130ki Dev, Tek \u00c7at\u0131<\/h2>\t\t\t\t<\/div>\n\t\t\t\t<\/div>\n\t\t\t\t<div class=\"elementor-element elementor-element-1a50a83 elementor-widget-mobile__width-initial elementor-invisible elementor-widget elementor-widget-text-editor\" data-id=\"1a50a83\" data-element_type=\"widget\" data-e-type=\"widget\" data-settings=\"{&quot;_animation_delay&quot;:500,&quot;_animation&quot;:&quot;fadeInUp&quot;}\" data-widget_type=\"text-editor.default\">\n\t\t\t\t<div class=\"elementor-widget-container\">\n\t\t\t\t\t\t\t\t\t<p data-path-to-node=\"12\">E-ticaret d\u00fcnyas\u0131nda y\u0131llard\u0131r s\u00fcregelen bir ikilem vard\u0131: Ya <b>WooCommerce<\/b>&#8216;in sundu\u011fu \u00f6zg\u00fcrl\u00fc\u011f\u00fc ve b\u00fct\u00e7e dostu yap\u0131y\u0131 se\u00e7ecek ama karma\u015f\u0131kl\u0131kla bo\u011fu\u015facakt\u0131n\u0131z; ya da <b>Shopify<\/b>&#8216;\u0131n kalitesini ve kolayl\u0131\u011f\u0131n\u0131 se\u00e7ecek ama y\u00fcksek maliyetlere ve kiralama modeline katlanacakt\u0131n\u0131z.<\/p><p data-path-to-node=\"13\">Biz bu ayr\u0131m\u0131 reddettik.<\/p><p data-path-to-node=\"14\">Brksoft&#8217;un varolu\u015f amac\u0131; <b>d\u00fcnyan\u0131n bu iki en b\u00fcy\u00fck e-ticaret teknolojisinin en iyi yanlar\u0131n\u0131 tek \u00e7at\u0131 alt\u0131nda toplamakt\u0131r.<\/b><\/p><p data-path-to-node=\"15,0,0\">WooCommerce&#8217;in <b>&#8220;M\u00fclkiyet ve \u00d6zg\u00fcrl\u00fck&#8221;<\/b> g\u00fcc\u00fcn\u00fc ald\u0131k.<\/p><p data-path-to-node=\"15,1,0\">Shopify&#8217;\u0131n <b>&#8220;Premium Kullan\u0131c\u0131 Deneyimi ve Kolayl\u0131\u011f\u0131n\u0131&#8221;<\/b> ald\u0131k.<\/p><p data-path-to-node=\"16\">Kendi geli\u015ftirdi\u011fimiz <b>Brikpanel<\/b> teknolojisiyle bu ikisini birle\u015ftirerek; KOB\u0130&#8217;lere ve giri\u015fimcilere hem &#8220;Premium&#8221; bir hizmeti, hem de &#8220;Ula\u015f\u0131labilir&#8221; fiyatlarla sunmay\u0131 ba\u015fard\u0131k.<\/p><p data-path-to-node=\"17\">Amac\u0131m\u0131z; i\u015fletmelerin teknik engellere veya fahi\u015f maliyetlere tak\u0131lmadan, t\u0131pk\u0131 logomuzdaki o ku\u015f gibi \u00f6zg\u00fcrce ve g\u00fcvenle y\u00fckselmelerini sa\u011flamakt\u0131r.<\/p><p data-path-to-node=\"18\">Siz g\u00fcne\u015fe odaklan\u0131n, kanatlar\u0131n\u0131z bize emanet.<\/p>\t\t\t\t\t\t\t\t<\/div>\n\t\t\t\t<\/div>\n\t\t\t\t<div class=\"elementor-element elementor-element-d66be5c elementor-absolute elementor-invisible elementor-widget elementor-widget-image\" data-id=\"d66be5c\" data-element_type=\"widget\" data-e-type=\"widget\" data-settings=\"{&quot;_position&quot;:&quot;absolute&quot;,&quot;_animation&quot;:&quot;fadeInLeft&quot;}\" data-widget_type=\"image.default\">\n\t\t\t\t<div class=\"elementor-widget-container\">\n\t\t\t\t\t\t\t\t\t\t\t\t\t\t\t<img decoding=\"async\" width=\"670\" height=\"1014\" src=\"https:\/\/brksoft.com\/tr\/wp-content\/uploads\/2025\/12\/design-agency-graphic-18.webp\" class=\"attachment-large size-large wp-image-6694\" alt=\"\" srcset=\"https:\/\/brksoft.com\/tr\/wp-content\/uploads\/2025\/12\/design-agency-graphic-18.webp 670w, https:\/\/brksoft.com\/tr\/wp-content\/uploads\/2025\/12\/design-agency-graphic-18-198x300.webp 198w, https:\/\/brksoft.com\/tr\/wp-content\/uploads\/2025\/12\/design-agency-graphic-18-441x667.webp 441w, https:\/\/brksoft.com\/tr\/wp-content\/uploads\/2025\/12\/design-agency-graphic-18-150x227.webp 150w\" sizes=\"(max-width: 360px) 147px, (max-width: 670px) 100vw, 670px\" \/>\t\t\t\t\t\t\t\t\t\t\t\t\t\t\t<\/div>\n\t\t\t\t<\/div>\n\t\t\t\t<div class=\"elementor-element elementor-element-c811da6 elementor-absolute elementor-invisible elementor-widget elementor-widget-image\" data-id=\"c811da6\" data-element_type=\"widget\" data-e-type=\"widget\" data-settings=\"{&quot;_position&quot;:&quot;absolute&quot;,&quot;_animation&quot;:&quot;fadeInLeft&quot;}\" data-widget_type=\"image.default\">\n\t\t\t\t<div class=\"elementor-widget-container\">\n\t\t\t\t\t\t\t\t\t\t\t\t\t\t\t<img decoding=\"async\" width=\"573\" height=\"468\" src=\"https:\/\/brksoft.com\/tr\/wp-content\/uploads\/2025\/12\/design-agency-2-graphic-3_2.webp\" class=\"attachment-large size-large wp-image-6695\" alt=\"\" srcset=\"https:\/\/brksoft.com\/tr\/wp-content\/uploads\/2025\/12\/design-agency-2-graphic-3_2.webp 573w, https:\/\/brksoft.com\/tr\/wp-content\/uploads\/2025\/12\/design-agency-2-graphic-3_2-300x245.webp 300w, https:\/\/brksoft.com\/tr\/wp-content\/uploads\/2025\/12\/design-agency-2-graphic-3_2-441x360.webp 441w, https:\/\/brksoft.com\/tr\/wp-content\/uploads\/2025\/12\/design-agency-2-graphic-3_2-150x123.webp 150w\" sizes=\"(max-width: 360px) 147px, (max-width: 573px) 100vw, 573px\" \/>\t\t\t\t\t\t\t\t\t\t\t\t\t\t\t<\/div>\n\t\t\t\t<\/div>\n\t\t\t\t<div class=\"elementor-element elementor-element-c19811b elementor-absolute elementor-invisible elementor-widget elementor-widget-image\" data-id=\"c19811b\" data-element_type=\"widget\" data-e-type=\"widget\" data-settings=\"{&quot;_position&quot;:&quot;absolute&quot;,&quot;_animation&quot;:&quot;fadeInRight&quot;}\" data-widget_type=\"image.default\">\n\t\t\t\t<div class=\"elementor-widget-container\">\n\t\t\t\t\t\t\t\t\t\t\t\t\t\t\t<img decoding=\"async\" width=\"642\" height=\"777\" src=\"https:\/\/brksoft.com\/tr\/wp-content\/uploads\/2025\/12\/design-agency-graphic-16.webp\" class=\"attachment-large size-large wp-image-6696\" alt=\"\" srcset=\"https:\/\/brksoft.com\/tr\/wp-content\/uploads\/2025\/12\/design-agency-graphic-16.webp 642w, https:\/\/brksoft.com\/tr\/wp-content\/uploads\/2025\/12\/design-agency-graphic-16-248x300.webp 248w, https:\/\/brksoft.com\/tr\/wp-content\/uploads\/2025\/12\/design-agency-graphic-16-441x534.webp 441w, https:\/\/brksoft.com\/tr\/wp-content\/uploads\/2025\/12\/design-agency-graphic-16-150x182.webp 150w\" sizes=\"(max-width: 360px) 147px, (max-width: 642px) 100vw, 642px\" \/>\t\t\t\t\t\t\t\t\t\t\t\t\t\t\t<\/div>\n\t\t\t\t<\/div>\n\t\t\t\t<div class=\"elementor-element elementor-element-fccc19e elementor-absolute elementor-hidden-mobile elementor-invisible elementor-widget elementor-widget-image\" data-id=\"fccc19e\" data-element_type=\"widget\" data-e-type=\"widget\" data-settings=\"{&quot;_position&quot;:&quot;absolute&quot;,&quot;_animation&quot;:&quot;fadeInRight&quot;}\" data-widget_type=\"image.default\">\n\t\t\t\t<div class=\"elementor-widget-container\">\n\t\t\t\t\t\t\t\t\t\t\t\t\t\t\t<img decoding=\"async\" width=\"494\" height=\"440\" src=\"https:\/\/brksoft.com\/tr\/wp-content\/uploads\/2025\/12\/design-agency-2-graphic-1_2.webp\" class=\"attachment-large size-large wp-image-6697\" alt=\"\" srcset=\"https:\/\/brksoft.com\/tr\/wp-content\/uploads\/2025\/12\/design-agency-2-graphic-1_2.webp 494w, https:\/\/brksoft.com\/tr\/wp-content\/uploads\/2025\/12\/design-agency-2-graphic-1_2-300x267.webp 300w, https:\/\/brksoft.com\/tr\/wp-content\/uploads\/2025\/12\/design-agency-2-graphic-1_2-441x393.webp 441w, https:\/\/brksoft.com\/tr\/wp-content\/uploads\/2025\/12\/design-agency-2-graphic-1_2-150x134.webp 150w\" sizes=\"(max-width: 360px) 147px, (max-width: 494px) 100vw, 494px\" \/>\t\t\t\t\t\t\t\t\t\t\t\t\t\t\t<\/div>\n\t\t\t\t<\/div>\n\t\t\t\t<div class=\"elementor-element elementor-element-213fd23 elementor-absolute elementor-hidden-mobile elementor-invisible elementor-widget elementor-widget-image\" data-id=\"213fd23\" data-element_type=\"widget\" data-e-type=\"widget\" data-settings=\"{&quot;_position&quot;:&quot;absolute&quot;,&quot;_animation_delay&quot;:250,&quot;_animation&quot;:&quot;fadeInLeft&quot;}\" data-widget_type=\"image.default\">\n\t\t\t\t<div class=\"elementor-widget-container\">\n\t\t\t\t\t\t\t\t\t\t\t\t\t\t\t<img decoding=\"async\" width=\"381\" height=\"765\" src=\"https:\/\/brksoft.com\/tr\/wp-content\/uploads\/2025\/12\/design-agency-2-graphic-5_1.webp\" class=\"attachment-large size-large wp-image-6698\" alt=\"\" srcset=\"https:\/\/brksoft.com\/tr\/wp-content\/uploads\/2025\/12\/design-agency-2-graphic-5_1.webp 381w, https:\/\/brksoft.com\/tr\/wp-content\/uploads\/2025\/12\/design-agency-2-graphic-5_1-149x300.webp 149w, https:\/\/brksoft.com\/tr\/wp-content\/uploads\/2025\/12\/design-agency-2-graphic-5_1-150x301.webp 150w\" sizes=\"(max-width: 360px) 147px, (max-width: 381px) 100vw, 381px\" \/>\t\t\t\t\t\t\t\t\t\t\t\t\t\t\t<\/div>\n\t\t\t\t<\/div>\n\t\t\t\t<div class=\"elementor-element elementor-element-4d257f8 elementor-absolute elementor-hidden-mobile elementor-invisible elementor-widget elementor-widget-image\" data-id=\"4d257f8\" data-element_type=\"widget\" data-e-type=\"widget\" data-settings=\"{&quot;_position&quot;:&quot;absolute&quot;,&quot;_animation_delay&quot;:250,&quot;_animation&quot;:&quot;fadeInLeft&quot;}\" data-widget_type=\"image.default\">\n\t\t\t\t<div class=\"elementor-widget-container\">\n\t\t\t\t\t\t\t\t\t\t\t\t\t\t\t<img decoding=\"async\" width=\"211\" height=\"325\" src=\"https:\/\/brksoft.com\/tr\/wp-content\/uploads\/2025\/12\/design-agency-graphic-21.webp\" class=\"attachment-large size-large wp-image-6693\" alt=\"\" srcset=\"https:\/\/brksoft.com\/tr\/wp-content\/uploads\/2025\/12\/design-agency-graphic-21.webp 211w, https:\/\/brksoft.com\/tr\/wp-content\/uploads\/2025\/12\/design-agency-graphic-21-195x300.webp 195w, https:\/\/brksoft.com\/tr\/wp-content\/uploads\/2025\/12\/design-agency-graphic-21-150x231.webp 150w\" sizes=\"(max-width: 360px) 147px, (max-width: 211px) 100vw, 211px\" \/>\t\t\t\t\t\t\t\t\t\t\t\t\t\t\t<\/div>\n\t\t\t\t<\/div>\n\t\t\t\t\t<\/div>\n\t\t\t\t<\/div>\n\t\t\t\t<\/div>\n\t\t","protected":false},"excerpt":{"rendered":"<p>https:\/\/brksoft.com\/tr\/wp-content\/uploads\/2025\/12\/original-b375e98991a5662e2c41b70e7b456e64-1-1-1.mp4 Y\u00fckselmenize Yard\u0131m Etmek \u0130\u00e7in Kurulduk Logomuzdaki o teknolojik ku\u015f, sadece bir simge de\u011fil; bizim pusulam\u0131zd\u0131r. Efsaneye g\u00f6re \u0130karus, kafesinden kurtulup \u00f6zg\u00fcrl\u00fc\u011fe eri\u015febilmek i\u00e7in kendine balmumundan kanatlar yapar, y\u00fckselmeye ba\u015flar, kafesi a\u015far, ancak g\u00fcne\u015fe yakla\u015ft\u0131k\u00e7a g\u00fcne\u015f g\u00f6zlerini kama\u015ft\u0131r\u0131r, daha da y\u00fckselir, g\u00fcne\u015f balmumundan kanatlar\u0131n\u0131 eritir ve d\u00fc\u015fer. \u00c7o\u011fu ki\u015fi bu hikayeyi bir &#8220;uyar\u0131&#8221; olarak okur: [&hellip;]<\/p>\n","protected":false},"author":2,"featured_media":0,"parent":0,"menu_order":0,"comment_status":"closed","ping_status":"closed","template":"template-canvas.php","meta":{"footnotes":""},"class_list":["post-6684","page","type-page","status-publish","hentry"],"yoast_head":"<!-- This site is optimized with the Yoast SEO Premium plugin v23.8 (Yoast SEO v27.2) - https:\/\/yoast.com\/product\/yoast-seo-premium-wordpress\/ -->\n<title>Hakk\u0131m\u0131zda | Brksoft<\/title>\n<meta name=\"robots\" content=\"index, follow, max-snippet:-1, max-image-preview:large, max-video-preview:-1\" \/>\n<link rel=\"canonical\" href=\"https:\/\/brksoft.com\/tr\/hakkimizda\/\" \/>\n<meta property=\"og:locale\" content=\"tr_TR\" \/>\n<meta property=\"og:type\" content=\"article\" \/>\n<meta property=\"og:title\" content=\"Hakk\u0131m\u0131zda\" \/>\n<meta property=\"og:description\" content=\"https:\/\/brksoft.com\/tr\/wp-content\/uploads\/2025\/12\/original-b375e98991a5662e2c41b70e7b456e64-1-1-1.mp4 Y\u00fckselmenize Yard\u0131m Etmek \u0130\u00e7in Kurulduk Logomuzdaki o teknolojik ku\u015f, sadece bir simge de\u011fil; bizim pusulam\u0131zd\u0131r. Efsaneye g\u00f6re \u0130karus, kafesinden kurtulup \u00f6zg\u00fcrl\u00fc\u011fe eri\u015febilmek i\u00e7in kendine balmumundan kanatlar yapar, y\u00fckselmeye ba\u015flar, kafesi a\u015far, ancak g\u00fcne\u015fe yakla\u015ft\u0131k\u00e7a g\u00fcne\u015f g\u00f6zlerini kama\u015ft\u0131r\u0131r, daha da y\u00fckselir, g\u00fcne\u015f balmumundan kanatlar\u0131n\u0131 eritir ve d\u00fc\u015fer. \u00c7o\u011fu ki\u015fi bu hikayeyi bir &#8220;uyar\u0131&#8221; olarak okur: [&hellip;]\" \/>\n<meta property=\"og:url\" content=\"https:\/\/brksoft.com\/tr\/hakkimizda\/\" \/>\n<meta property=\"og:site_name\" content=\"Brksoft\" \/>\n<meta property=\"article:publisher\" content=\"https:\/\/www.facebook.com\/brksoft\" \/>\n<meta property=\"article:modified_time\" content=\"2025-12-03T08:43:06+00:00\" \/>\n<meta property=\"og:image\" content=\"https:\/\/brksoft.com\/tr\/wp-content\/uploads\/2025\/12\/design-agency-graphic-18.webp\" \/>\n\t<meta property=\"og:image:width\" content=\"670\" \/>\n\t<meta property=\"og:image:height\" content=\"1014\" \/>\n\t<meta property=\"og:image:type\" content=\"image\/webp\" \/>\n<meta name=\"twitter:card\" content=\"summary_large_image\" \/>\n<meta name=\"twitter:site\" content=\"@brksoft\" \/>\n<meta name=\"twitter:label1\" content=\"Tahmini okuma s\u00fcresi\" \/>\n\t<meta name=\"twitter:data1\" content=\"3 dakika\" \/>\n<script type=\"application\/ld+json\" class=\"yoast-schema-graph\">{\"@context\":\"https:\/\/schema.org\",\"@graph\":[{\"@type\":\"WebPage\",\"@id\":\"https:\/\/brksoft.com\/tr\/hakkimizda\/\",\"url\":\"https:\/\/brksoft.com\/tr\/hakkimizda\/\",\"name\":\"Hakk\u0131m\u0131zda | Brksoft\",\"isPartOf\":{\"@id\":\"https:\/\/brksoft.com\/tr\/#website\"},\"primaryImageOfPage\":{\"@id\":\"https:\/\/brksoft.com\/tr\/hakkimizda\/#primaryimage\"},\"image\":{\"@id\":\"https:\/\/brksoft.com\/tr\/hakkimizda\/#primaryimage\"},\"thumbnailUrl\":\"https:\/\/brksoft.com\/tr\/wp-content\/uploads\/2025\/12\/design-agency-graphic-18.webp\",\"datePublished\":\"2025-12-03T07:49:36+00:00\",\"dateModified\":\"2025-12-03T08:43:06+00:00\",\"breadcrumb\":{\"@id\":\"https:\/\/brksoft.com\/tr\/hakkimizda\/#breadcrumb\"},\"inLanguage\":\"tr\",\"potentialAction\":[{\"@type\":\"ReadAction\",\"target\":[\"https:\/\/brksoft.com\/tr\/hakkimizda\/\"]}]},{\"@type\":\"ImageObject\",\"inLanguage\":\"tr\",\"@id\":\"https:\/\/brksoft.com\/tr\/hakkimizda\/#primaryimage\",\"url\":\"https:\/\/brksoft.com\/tr\/wp-content\/uploads\/2025\/12\/design-agency-graphic-18.webp\",\"contentUrl\":\"https:\/\/brksoft.com\/tr\/wp-content\/uploads\/2025\/12\/design-agency-graphic-18.webp\",\"width\":670,\"height\":1014},{\"@type\":\"BreadcrumbList\",\"@id\":\"https:\/\/brksoft.com\/tr\/hakkimizda\/#breadcrumb\",\"itemListElement\":[{\"@type\":\"ListItem\",\"position\":1,\"name\":\"Ana Sayfa\",\"item\":\"https:\/\/brksoft.com\/tr\/\"},{\"@type\":\"ListItem\",\"position\":2,\"name\":\"Hakk\u0131m\u0131zda\"}]},{\"@type\":\"WebSite\",\"@id\":\"https:\/\/brksoft.com\/tr\/#website\",\"url\":\"https:\/\/brksoft.com\/tr\/\",\"name\":\"Brksoft\",\"description\":\"Bir e-ticaret sitesi kurmak art\u0131k \u00e7ok kolay\",\"publisher\":{\"@id\":\"https:\/\/brksoft.com\/tr\/#organization\"},\"potentialAction\":[{\"@type\":\"SearchAction\",\"target\":{\"@type\":\"EntryPoint\",\"urlTemplate\":\"https:\/\/brksoft.com\/tr\/?s={search_term_string}\"},\"query-input\":{\"@type\":\"PropertyValueSpecification\",\"valueRequired\":true,\"valueName\":\"search_term_string\"}}],\"inLanguage\":\"tr\"},{\"@type\":\"Organization\",\"@id\":\"https:\/\/brksoft.com\/tr\/#organization\",\"name\":\"Brksoft\",\"url\":\"https:\/\/brksoft.com\/tr\/\",\"logo\":{\"@type\":\"ImageObject\",\"inLanguage\":\"tr\",\"@id\":\"https:\/\/brksoft.com\/tr\/#\/schema\/logo\/image\/\",\"url\":\"https:\/\/brksoft.com\/tr\/wp-content\/uploads\/2023\/12\/Brksoft-45.png\",\"contentUrl\":\"https:\/\/brksoft.com\/tr\/wp-content\/uploads\/2023\/12\/Brksoft-45.png\",\"width\":2000,\"height\":2000,\"caption\":\"Brksoft\"},\"image\":{\"@id\":\"https:\/\/brksoft.com\/tr\/#\/schema\/logo\/image\/\"},\"sameAs\":[\"https:\/\/www.facebook.com\/brksoft\",\"https:\/\/x.com\/brksoft\",\"https:\/\/www.instagram.com\/brksoft\/\",\"https:\/\/www.linkedin.com\/company\/brksoft\/?viewAsMember=true\",\"https:\/\/www.youtube.com\/@brksoftt\"]}]}<\/script>\n<!-- \/ Yoast SEO Premium plugin. -->","yoast_head_json":{"title":"Hakk\u0131m\u0131zda | Brksoft","robots":{"index":"index","follow":"follow","max-snippet":"max-snippet:-1","max-image-preview":"max-image-preview:large","max-video-preview":"max-video-preview:-1"},"canonical":"https:\/\/brksoft.com\/tr\/hakkimizda\/","og_locale":"tr_TR","og_type":"article","og_title":"Hakk\u0131m\u0131zda","og_description":"https:\/\/brksoft.com\/tr\/wp-content\/uploads\/2025\/12\/original-b375e98991a5662e2c41b70e7b456e64-1-1-1.mp4 Y\u00fckselmenize Yard\u0131m Etmek \u0130\u00e7in Kurulduk Logomuzdaki o teknolojik ku\u015f, sadece bir simge de\u011fil; bizim pusulam\u0131zd\u0131r. Efsaneye g\u00f6re \u0130karus, kafesinden kurtulup \u00f6zg\u00fcrl\u00fc\u011fe eri\u015febilmek i\u00e7in kendine balmumundan kanatlar yapar, y\u00fckselmeye ba\u015flar, kafesi a\u015far, ancak g\u00fcne\u015fe yakla\u015ft\u0131k\u00e7a g\u00fcne\u015f g\u00f6zlerini kama\u015ft\u0131r\u0131r, daha da y\u00fckselir, g\u00fcne\u015f balmumundan kanatlar\u0131n\u0131 eritir ve d\u00fc\u015fer. \u00c7o\u011fu ki\u015fi bu hikayeyi bir &#8220;uyar\u0131&#8221; olarak okur: [&hellip;]","og_url":"https:\/\/brksoft.com\/tr\/hakkimizda\/","og_site_name":"Brksoft","article_publisher":"https:\/\/www.facebook.com\/brksoft","article_modified_time":"2025-12-03T08:43:06+00:00","og_image":[{"width":670,"height":1014,"url":"https:\/\/brksoft.com\/tr\/wp-content\/uploads\/2025\/12\/design-agency-graphic-18.webp","type":"image\/webp"}],"twitter_card":"summary_large_image","twitter_site":"@brksoft","twitter_misc":{"Tahmini okuma s\u00fcresi":"3 dakika"},"schema":{"@context":"https:\/\/schema.org","@graph":[{"@type":"WebPage","@id":"https:\/\/brksoft.com\/tr\/hakkimizda\/","url":"https:\/\/brksoft.com\/tr\/hakkimizda\/","name":"Hakk\u0131m\u0131zda | Brksoft","isPartOf":{"@id":"https:\/\/brksoft.com\/tr\/#website"},"primaryImageOfPage":{"@id":"https:\/\/brksoft.com\/tr\/hakkimizda\/#primaryimage"},"image":{"@id":"https:\/\/brksoft.com\/tr\/hakkimizda\/#primaryimage"},"thumbnailUrl":"https:\/\/brksoft.com\/tr\/wp-content\/uploads\/2025\/12\/design-agency-graphic-18.webp","datePublished":"2025-12-03T07:49:36+00:00","dateModified":"2025-12-03T08:43:06+00:00","breadcrumb":{"@id":"https:\/\/brksoft.com\/tr\/hakkimizda\/#breadcrumb"},"inLanguage":"tr","potentialAction":[{"@type":"ReadAction","target":["https:\/\/brksoft.com\/tr\/hakkimizda\/"]}]},{"@type":"ImageObject","inLanguage":"tr","@id":"https:\/\/brksoft.com\/tr\/hakkimizda\/#primaryimage","url":"https:\/\/brksoft.com\/tr\/wp-content\/uploads\/2025\/12\/design-agency-graphic-18.webp","contentUrl":"https:\/\/brksoft.com\/tr\/wp-content\/uploads\/2025\/12\/design-agency-graphic-18.webp","width":670,"height":1014},{"@type":"BreadcrumbList","@id":"https:\/\/brksoft.com\/tr\/hakkimizda\/#breadcrumb","itemListElement":[{"@type":"ListItem","position":1,"name":"Ana Sayfa","item":"https:\/\/brksoft.com\/tr\/"},{"@type":"ListItem","position":2,"name":"Hakk\u0131m\u0131zda"}]},{"@type":"WebSite","@id":"https:\/\/brksoft.com\/tr\/#website","url":"https:\/\/brksoft.com\/tr\/","name":"Brksoft","description":"Bir e-ticaret sitesi kurmak art\u0131k \u00e7ok kolay","publisher":{"@id":"https:\/\/brksoft.com\/tr\/#organization"},"potentialAction":[{"@type":"SearchAction","target":{"@type":"EntryPoint","urlTemplate":"https:\/\/brksoft.com\/tr\/?s={search_term_string}"},"query-input":{"@type":"PropertyValueSpecification","valueRequired":true,"valueName":"search_term_string"}}],"inLanguage":"tr"},{"@type":"Organization","@id":"https:\/\/brksoft.com\/tr\/#organization","name":"Brksoft","url":"https:\/\/brksoft.com\/tr\/","logo":{"@type":"ImageObject","inLanguage":"tr","@id":"https:\/\/brksoft.com\/tr\/#\/schema\/logo\/image\/","url":"https:\/\/brksoft.com\/tr\/wp-content\/uploads\/2023\/12\/Brksoft-45.png","contentUrl":"https:\/\/brksoft.com\/tr\/wp-content\/uploads\/2023\/12\/Brksoft-45.png","width":2000,"height":2000,"caption":"Brksoft"},"image":{"@id":"https:\/\/brksoft.com\/tr\/#\/schema\/logo\/image\/"},"sameAs":["https:\/\/www.facebook.com\/brksoft","https:\/\/x.com\/brksoft","https:\/\/www.instagram.com\/brksoft\/","https:\/\/www.linkedin.com\/company\/brksoft\/?viewAsMember=true","https:\/\/www.youtube.com\/@brksoftt"]}]}},"_links":{"self":[{"href":"https:\/\/brksoft.com\/tr\/wp-json\/wp\/v2\/pages\/6684","targetHints":{"allow":["GET"]}}],"collection":[{"href":"https:\/\/brksoft.com\/tr\/wp-json\/wp\/v2\/pages"}],"about":[{"href":"https:\/\/brksoft.com\/tr\/wp-json\/wp\/v2\/types\/page"}],"author":[{"embeddable":true,"href":"https:\/\/brksoft.com\/tr\/wp-json\/wp\/v2\/users\/2"}],"replies":[{"embeddable":true,"href":"https:\/\/brksoft.com\/tr\/wp-json\/wp\/v2\/comments?post=6684"}],"version-history":[{"count":16,"href":"https:\/\/brksoft.com\/tr\/wp-json\/wp\/v2\/pages\/6684\/revisions"}],"predecessor-version":[{"id":6714,"href":"https:\/\/brksoft.com\/tr\/wp-json\/wp\/v2\/pages\/6684\/revisions\/6714"}],"wp:attachment":[{"href":"https:\/\/brksoft.com\/tr\/wp-json\/wp\/v2\/media?parent=6684"}],"curies":[{"name":"wp","href":"https:\/\/api.w.org\/{rel}","templated":true}]}}