{"id":4066,"date":"2023-12-21T13:08:29","date_gmt":"2023-12-21T10:08:29","guid":{"rendered":"https:\/\/brksoft.com\/tr\/?page_id=4066"},"modified":"2024-12-17T22:21:49","modified_gmt":"2024-12-17T19:21:49","slug":"hesabim","status":"publish","type":"page","link":"https:\/\/brksoft.com\/tr\/hesabim\/","title":{"rendered":"Hesab\u0131m"},"content":{"rendered":"\n<div class=\"woocommerce\"><div class=\"woocommerce-notices-wrapper\"><\/div>\n\n<div class=\"u-columns col2-set\" id=\"customer_login\">\n\n\t<div class=\"u-column1 col-1\">\n\n\n\t\t<h2>Giri\u015f Yap<\/h2>\n\n\t\t<form class=\"woocommerce-form woocommerce-form-login login\" method=\"post\" novalidate>\n\n\t\t\t\n\t\t\t<p class=\"woocommerce-form-row woocommerce-form-row--wide form-row form-row-wide\">\n\t\t\t\t<label for=\"username\">Kullan\u0131c\u0131 ad\u0131 veya e-posta adresi&nbsp;<span class=\"required\" aria-hidden=\"true\">*<\/span><span class=\"screen-reader-text\">Gerekli<\/span><\/label>\n\t\t\t\t<input type=\"text\" class=\"woocommerce-Input woocommerce-Input--text input-text\" name=\"username\" id=\"username\" autocomplete=\"username\" value=\"\" required aria-required=\"true\" \/>\t\t\t<\/p>\n\t\t\t<p class=\"woocommerce-form-row woocommerce-form-row--wide form-row form-row-wide\">\n\t\t\t\t<label for=\"password\">Parola&nbsp;<span class=\"required\" aria-hidden=\"true\">*<\/span><span class=\"screen-reader-text\">Gerekli<\/span><\/label>\n\t\t\t\t<input class=\"woocommerce-Input woocommerce-Input--text input-text\" type=\"password\" name=\"password\" id=\"password\" autocomplete=\"current-password\" required aria-required=\"true\" \/>\n\t\t\t<\/p>\n\n\t\t\t\n\t\t\t<p class=\"form-row\">\n\t\t\t\t<label class=\"woocommerce-form__label woocommerce-form__label-for-checkbox woocommerce-form-login__rememberme\">\n\t\t\t\t\t<input class=\"woocommerce-form__input woocommerce-form__input-checkbox\" name=\"rememberme\" type=\"checkbox\" id=\"rememberme\" value=\"forever\" \/> <span>Beni hat\u0131rla<\/span>\n\t\t\t\t<\/label>\n\t\t\t\t<input type=\"hidden\" id=\"woocommerce-login-nonce\" name=\"woocommerce-login-nonce\" value=\"47674c8fb0\" \/><input type=\"hidden\" name=\"_wp_http_referer\" value=\"\/tr\/wp-json\/wp\/v2\/pages\/4066\" \/>\t\t\t\t<button type=\"submit\" class=\"woocommerce-button button woocommerce-form-login__submit\" name=\"login\" value=\"Giri\u015f Yap\">Giri\u015f Yap<\/button>\n\t\t\t<\/p>\n\t\t\t<p class=\"woocommerce-LostPassword lost_password\">\n\t\t\t\t<a href=\"https:\/\/brksoft.com\/tr\/hesabim\/lost-password\/\">Parolan\u0131z\u0131 m\u0131 unuttunuz?<\/a>\n\t\t\t<\/p>\n\n\t\t\t\n\t\t<\/form>\n\n\n\t<\/div>\n\n\t<div class=\"u-column2 col-2\">\n\n\t\t<h2>\u00dcye Ol<\/h2>\n\n\t\t<form method=\"post\" class=\"woocommerce-form woocommerce-form-register register\"  >\n\n\t\t\t\n\t\t\t\n\t\t\t\t<p class=\"woocommerce-form-row woocommerce-form-row--wide form-row form-row-wide\">\n\t\t\t\t\t<label for=\"reg_username\">Kullan\u0131c\u0131 ad\u0131&nbsp;<span class=\"required\" aria-hidden=\"true\">*<\/span><span class=\"screen-reader-text\">Gerekli<\/span><\/label>\n\t\t\t\t\t<input type=\"text\" class=\"woocommerce-Input woocommerce-Input--text input-text\" name=\"username\" id=\"reg_username\" autocomplete=\"username\" value=\"\" required aria-required=\"true\" \/>\t\t\t\t<\/p>\n\n\t\t\t\n\t\t\t<p class=\"woocommerce-form-row woocommerce-form-row--wide form-row form-row-wide\">\n\t\t\t\t<label for=\"reg_email\">E-posta adresi&nbsp;<span class=\"required\" aria-hidden=\"true\">*<\/span><span class=\"screen-reader-text\">Gerekli<\/span><\/label>\n\t\t\t\t<input type=\"email\" class=\"woocommerce-Input woocommerce-Input--text input-text\" name=\"email\" id=\"reg_email\" autocomplete=\"email\" value=\"\" required aria-required=\"true\" \/>\t\t\t<\/p>\n\n\t\t\t\n\t\t\t\t<p class=\"woocommerce-form-row woocommerce-form-row--wide form-row form-row-wide\">\n\t\t\t\t\t<label for=\"reg_password\">Parola&nbsp;<span class=\"required\" aria-hidden=\"true\">*<\/span><span class=\"screen-reader-text\">Gerekli<\/span><\/label>\n\t\t\t\t\t<input type=\"password\" class=\"woocommerce-Input woocommerce-Input--text input-text\" name=\"password\" id=\"reg_password\" autocomplete=\"new-password\" required aria-required=\"true\" \/>\n\t\t\t\t<\/p>\n\n\t\t\t\n\t\t\t<wc-order-attribution-inputs><\/wc-order-attribution-inputs><div class=\"woocommerce-privacy-policy-text\"><p>Ki\u015fisel verileriniz, bu web sitesindeki deneyiminizi desteklemek, hesab\u0131n\u0131za eri\u015fimi y\u00f6netmek ve <a href=\"https:\/\/brksoft.com\/tr\/privacy-policy\/\" class=\"woocommerce-privacy-policy-link\" target=\"_blank\">gizlilik ilkesi<\/a> sayfam\u0131zda a\u00e7\u0131klanan di\u011fer ama\u00e7lar i\u00e7in kullan\u0131lacakt\u0131r.<\/p>\n<\/div>\n\t\t\t<p class=\"woocommerce-form-row form-row\">\n\t\t\t\t<input type=\"hidden\" id=\"woocommerce-register-nonce\" name=\"woocommerce-register-nonce\" value=\"0564c2f449\" \/><input type=\"hidden\" name=\"_wp_http_referer\" value=\"\/tr\/wp-json\/wp\/v2\/pages\/4066\" \/>\t\t\t\t<button type=\"submit\" class=\"woocommerce-Button woocommerce-button button woocommerce-form-register__submit\" name=\"register\" value=\"\u00dcye Ol\">\u00dcye Ol<\/button>\n\t\t\t<\/p>\n\n\t\t\t\n\t\t<\/form>\n\n\t<\/div>\n\n<\/div>\n\n<\/div>\n","protected":false},"excerpt":{"rendered":"","protected":false},"author":2,"featured_media":0,"parent":0,"menu_order":0,"comment_status":"closed","ping_status":"closed","template":"","meta":{"footnotes":""},"class_list":["post-4066","page","type-page","status-publish","hentry"],"yoast_head":"<!-- This site is optimized with the Yoast SEO Premium plugin v23.8 (Yoast SEO v27.2) - https:\/\/yoast.com\/product\/yoast-seo-premium-wordpress\/ -->\n<title>Hesab\u0131m | Brksoft<\/title>\n<meta name=\"robots\" content=\"index, follow, max-snippet:-1, max-image-preview:large, max-video-preview:-1\" \/>\n<link rel=\"canonical\" href=\"https:\/\/brksoft.com\/tr\/hesabim\/\" \/>\n<meta property=\"og:locale\" content=\"tr_TR\" \/>\n<meta property=\"og:type\" content=\"article\" \/>\n<meta property=\"og:title\" content=\"Hesab\u0131m\" \/>\n<meta property=\"og:url\" content=\"https:\/\/brksoft.com\/tr\/hesabim\/\" \/>\n<meta property=\"og:site_name\" content=\"Brksoft\" \/>\n<meta property=\"article:publisher\" content=\"https:\/\/www.facebook.com\/brksoft\" \/>\n<meta property=\"article:modified_time\" content=\"2024-12-17T19:21:49+00:00\" \/>\n<meta property=\"og:image\" content=\"https:\/\/brksoft.com\/tr\/wp-content\/uploads\/2023\/10\/Adsiz-tasarim-26.png\" \/>\n\t<meta property=\"og:image:width\" content=\"500\" \/>\n\t<meta property=\"og:image:height\" content=\"500\" \/>\n\t<meta property=\"og:image:type\" content=\"image\/png\" \/>\n<meta name=\"twitter:card\" content=\"summary_large_image\" \/>\n<meta name=\"twitter:site\" content=\"@brksoft\" \/>\n<meta name=\"twitter:label1\" content=\"Tahmini okuma s\u00fcresi\" \/>\n\t<meta name=\"twitter:data1\" content=\"1 dakika\" \/>\n<script type=\"application\/ld+json\" class=\"yoast-schema-graph\">{\"@context\":\"https:\/\/schema.org\",\"@graph\":[{\"@type\":\"WebPage\",\"@id\":\"https:\/\/brksoft.com\/tr\/hesabim\/\",\"url\":\"https:\/\/brksoft.com\/tr\/hesabim\/\",\"name\":\"Hesab\u0131m | Brksoft\",\"isPartOf\":{\"@id\":\"https:\/\/brksoft.com\/tr\/#website\"},\"datePublished\":\"2023-12-21T10:08:29+00:00\",\"dateModified\":\"2024-12-17T19:21:49+00:00\",\"breadcrumb\":{\"@id\":\"https:\/\/brksoft.com\/tr\/hesabim\/#breadcrumb\"},\"inLanguage\":\"tr\",\"potentialAction\":[{\"@type\":\"ReadAction\",\"target\":[\"https:\/\/brksoft.com\/tr\/hesabim\/\"]}]},{\"@type\":\"BreadcrumbList\",\"@id\":\"https:\/\/brksoft.com\/tr\/hesabim\/#breadcrumb\",\"itemListElement\":[{\"@type\":\"ListItem\",\"position\":1,\"name\":\"Ana Sayfa\",\"item\":\"https:\/\/brksoft.com\/tr\/\"},{\"@type\":\"ListItem\",\"position\":2,\"name\":\"Hesab\u0131m\"}]},{\"@type\":\"WebSite\",\"@id\":\"https:\/\/brksoft.com\/tr\/#website\",\"url\":\"https:\/\/brksoft.com\/tr\/\",\"name\":\"Brksoft\",\"description\":\"Bir e-ticaret sitesi kurmak art\u0131k \u00e7ok kolay\",\"publisher\":{\"@id\":\"https:\/\/brksoft.com\/tr\/#organization\"},\"potentialAction\":[{\"@type\":\"SearchAction\",\"target\":{\"@type\":\"EntryPoint\",\"urlTemplate\":\"https:\/\/brksoft.com\/tr\/?s={search_term_string}\"},\"query-input\":{\"@type\":\"PropertyValueSpecification\",\"valueRequired\":true,\"valueName\":\"search_term_string\"}}],\"inLanguage\":\"tr\"},{\"@type\":\"Organization\",\"@id\":\"https:\/\/brksoft.com\/tr\/#organization\",\"name\":\"Brksoft\",\"url\":\"https:\/\/brksoft.com\/tr\/\",\"logo\":{\"@type\":\"ImageObject\",\"inLanguage\":\"tr\",\"@id\":\"https:\/\/brksoft.com\/tr\/#\/schema\/logo\/image\/\",\"url\":\"https:\/\/brksoft.com\/tr\/wp-content\/uploads\/2023\/12\/Brksoft-45.png\",\"contentUrl\":\"https:\/\/brksoft.com\/tr\/wp-content\/uploads\/2023\/12\/Brksoft-45.png\",\"width\":2000,\"height\":2000,\"caption\":\"Brksoft\"},\"image\":{\"@id\":\"https:\/\/brksoft.com\/tr\/#\/schema\/logo\/image\/\"},\"sameAs\":[\"https:\/\/www.facebook.com\/brksoft\",\"https:\/\/x.com\/brksoft\",\"https:\/\/www.instagram.com\/brksoft\/\",\"https:\/\/www.linkedin.com\/company\/brksoft\/?viewAsMember=true\",\"https:\/\/www.youtube.com\/@brksoftt\"]}]}<\/script>\n<!-- \/ Yoast SEO Premium plugin. -->","yoast_head_json":{"title":"Hesab\u0131m | Brksoft","robots":{"index":"index","follow":"follow","max-snippet":"max-snippet:-1","max-image-preview":"max-image-preview:large","max-video-preview":"max-video-preview:-1"},"canonical":"https:\/\/brksoft.com\/tr\/hesabim\/","og_locale":"tr_TR","og_type":"article","og_title":"Hesab\u0131m","og_url":"https:\/\/brksoft.com\/tr\/hesabim\/","og_site_name":"Brksoft","article_publisher":"https:\/\/www.facebook.com\/brksoft","article_modified_time":"2024-12-17T19:21:49+00:00","og_image":[{"width":500,"height":500,"url":"https:\/\/brksoft.com\/tr\/wp-content\/uploads\/2023\/10\/Adsiz-tasarim-26.png","type":"image\/png"}],"twitter_card":"summary_large_image","twitter_site":"@brksoft","twitter_misc":{"Tahmini okuma s\u00fcresi":"1 dakika"},"schema":{"@context":"https:\/\/schema.org","@graph":[{"@type":"WebPage","@id":"https:\/\/brksoft.com\/tr\/hesabim\/","url":"https:\/\/brksoft.com\/tr\/hesabim\/","name":"Hesab\u0131m | Brksoft","isPartOf":{"@id":"https:\/\/brksoft.com\/tr\/#website"},"datePublished":"2023-12-21T10:08:29+00:00","dateModified":"2024-12-17T19:21:49+00:00","breadcrumb":{"@id":"https:\/\/brksoft.com\/tr\/hesabim\/#breadcrumb"},"inLanguage":"tr","potentialAction":[{"@type":"ReadAction","target":["https:\/\/brksoft.com\/tr\/hesabim\/"]}]},{"@type":"BreadcrumbList","@id":"https:\/\/brksoft.com\/tr\/hesabim\/#breadcrumb","itemListElement":[{"@type":"ListItem","position":1,"name":"Ana Sayfa","item":"https:\/\/brksoft.com\/tr\/"},{"@type":"ListItem","position":2,"name":"Hesab\u0131m"}]},{"@type":"WebSite","@id":"https:\/\/brksoft.com\/tr\/#website","url":"https:\/\/brksoft.com\/tr\/","name":"Brksoft","description":"Bir e-ticaret sitesi kurmak art\u0131k \u00e7ok kolay","publisher":{"@id":"https:\/\/brksoft.com\/tr\/#organization"},"potentialAction":[{"@type":"SearchAction","target":{"@type":"EntryPoint","urlTemplate":"https:\/\/brksoft.com\/tr\/?s={search_term_string}"},"query-input":{"@type":"PropertyValueSpecification","valueRequired":true,"valueName":"search_term_string"}}],"inLanguage":"tr"},{"@type":"Organization","@id":"https:\/\/brksoft.com\/tr\/#organization","name":"Brksoft","url":"https:\/\/brksoft.com\/tr\/","logo":{"@type":"ImageObject","inLanguage":"tr","@id":"https:\/\/brksoft.com\/tr\/#\/schema\/logo\/image\/","url":"https:\/\/brksoft.com\/tr\/wp-content\/uploads\/2023\/12\/Brksoft-45.png","contentUrl":"https:\/\/brksoft.com\/tr\/wp-content\/uploads\/2023\/12\/Brksoft-45.png","width":2000,"height":2000,"caption":"Brksoft"},"image":{"@id":"https:\/\/brksoft.com\/tr\/#\/schema\/logo\/image\/"},"sameAs":["https:\/\/www.facebook.com\/brksoft","https:\/\/x.com\/brksoft","https:\/\/www.instagram.com\/brksoft\/","https:\/\/www.linkedin.com\/company\/brksoft\/?viewAsMember=true","https:\/\/www.youtube.com\/@brksoftt"]}]}},"_links":{"self":[{"href":"https:\/\/brksoft.com\/tr\/wp-json\/wp\/v2\/pages\/4066","targetHints":{"allow":["GET"]}}],"collection":[{"href":"https:\/\/brksoft.com\/tr\/wp-json\/wp\/v2\/pages"}],"about":[{"href":"https:\/\/brksoft.com\/tr\/wp-json\/wp\/v2\/types\/page"}],"author":[{"embeddable":true,"href":"https:\/\/brksoft.com\/tr\/wp-json\/wp\/v2\/users\/2"}],"replies":[{"embeddable":true,"href":"https:\/\/brksoft.com\/tr\/wp-json\/wp\/v2\/comments?post=4066"}],"version-history":[{"count":4,"href":"https:\/\/brksoft.com\/tr\/wp-json\/wp\/v2\/pages\/4066\/revisions"}],"predecessor-version":[{"id":5751,"href":"https:\/\/brksoft.com\/tr\/wp-json\/wp\/v2\/pages\/4066\/revisions\/5751"}],"wp:attachment":[{"href":"https:\/\/brksoft.com\/tr\/wp-json\/wp\/v2\/media?parent=4066"}],"curies":[{"name":"wp","href":"https:\/\/api.w.org\/{rel}","templated":true}]}}