{"id":1364,"date":"2023-03-24T13:58:02","date_gmt":"2023-03-24T10:58:02","guid":{"rendered":"https:\/\/brksoft.com\/tr\/?page_id=1364"},"modified":"2025-06-20T18:56:54","modified_gmt":"2025-06-20T15:56:54","slug":"terms-and-conditions","status":"publish","type":"page","link":"https:\/\/brksoft.com\/tr\/terms-and-conditions\/","title":{"rendered":"Mesafeli Sat\u0131\u015f S\u00f6zle\u015fmesi"},"content":{"rendered":"\n<h1 class=\"wp-block-heading\">YAZILIM GEL\u0130\u015eT\u0130RME S\u00d6ZLE\u015eMES\u0130<\/h1>\n\n\n\n<h1 class=\"wp-block-heading\" id=\"h-madde-1-taraflar-ve-tanimlar\">MADDE 1: TARAFLAR VE TANIMLAR<\/h1>\n\n\n\n<p>\u0130\u015f bu s\u00f6zle\u015fme ..\/..\/202. tarihinde merkezi ATAKENT MAH. KAMELYA SK. 3.ETAP C-17 1.-G\u0130R\u0130\u015e NO: 41<br>\u0130\u00c7 KAPI NO: 13 K\u00dc\u00c7\u00dcK\u00c7EKMECE\/ \u0130STANBUL adresinde mukim, SAL\u0130H UTKU TEL\u0130S (BRKSOFT olarak an\u0131lacakt\u0131r) \u2026\u2026\u2026\u2026\u2026\u2026\u2026\u2026\u2026\u2026\u2026\u2026\u2026\u2026\u2026\u2026\u2026\u2026\u2026\u2026\u2026\u2026\u2026\u2026\u2026\u2026\u2026\u2026\u2026\u2026\u2026\u2026\u2026\u2026\u2026. adresinde mukim, \u2026\u2026\u2026\u2026\u2026\u2026\u2026\u2026\u2026\u2026\u2026\u2026\u2026.. (M\u00dc\u015eTER\u0130 olarak an\u0131lacakt\u0131r) aras\u0131nda imzalanm\u0131\u015ft\u0131r.<\/p>\n\n\n\n<h1 class=\"wp-block-heading\" id=\"h-madde-2-sozlesmenin-konusu\">MADDE 2: S\u00d6ZLE\u015eMEN\u0130N KONUSU<\/h1>\n\n\n\n<p>\u0130\u015fbu s\u00f6zle\u015fme M\u00dc\u015eTER\u0130\u2019nin isteklerine ba\u011fl\u0131 olarak BRKSOFT taraf\u0131ndan haz\u0131rlanacak Web yaz\u0131l\u0131m geli\u015ftirme hizmetini kapsamaktad\u0131r.<\/p>\n\n\n\n<h1 class=\"wp-block-heading\" id=\"h-madde-3-musteri-nin-yukumlulukleri\">MADDE 3: M\u00dc\u015eTER\u0130\u2019N\u0130N Y\u00dcK\u00dcML\u00dcL\u00dcKLER\u0130<\/h1>\n\n\n\n<ul class=\"wp-block-list\">\n<li>M\u00dc\u015eTER\u0130, hosting sa\u011flay\u0131c\u0131y\u0131 BRKSOFT taraf\u0131ndan kendi taraf\u0131na almak istemesi halinde, hosting taraf\u0131nda ya\u015fanabilecek sorunlar ile ilgili sadece Hosting i\u015flerine \u00f6zel konulardaki BRKSOFT\u2019un y\u00fck\u00fcml\u00fcl\u00fckleri ge\u00e7ersiz olucakt\u0131r. Web sitesinin tasar\u0131m\u0131, platformun kullan\u0131labilirli\u011fi gibi konulardaki y\u00fck\u00fcml\u00fcl\u00fckleri devam&nbsp;edecektir.\n<ul class=\"wp-block-list\">\n<li>Yaz\u0131l\u0131m s\u00fcresi boyunca BRKSOFT\u2019un talep etti\u011fi bilgi ,evrak ve yaz\u0131l\u0131 dok\u00fcmanlar\u0131 kendisi tedarik etmeli veya ettirmelidir. M\u00fc\u015fterinin gerekli dok\u00fcmanlar\u0131 zaman\u0131nda vermemesinden kaynaklanan gecikmeden dolay\u0131 BRKSOFT sorumlu tutulamaz.<\/li>\n\n\n\n<li>M\u00dc\u015eTER\u0130, dile getirdi\u011fi t\u00fcm fikir, d\u00fc\u015f\u00fcnce, ifade, yorum ve yaz\u0131lar\u0131n kendisine ait oldu\u011funu, BRKSOFT un hi\u00e7bir \u015fekilde sorumlu olmad\u0131\u011f\u0131n\u0131 kabul ve beyan eder.<\/li>\n\n\n\n<li>M\u00dc\u015eTER\u0130, sat\u0131n alm\u0131\u015f oldu\u011fu paket i\u00e7erisindeki yaz\u0131l\u0131m\u0131n d\u0131\u015f\u0131nda istedi\u011fi her t\u00fcr ek \u00f6zellik i\u00e7in ek \u00fccrete tabi tutulur.<\/li>\n\n\n\n<li>M\u00dc\u015eTER\u0130, projeye ba\u015flanmadan \u00f6nce \u00fccretini \u00f6demekle y\u00fck\u00fcml\u00fcd\u00fcr.<\/li>\n\n\n\n<li>M\u00dc\u015eTER\u0130, s\u00f6zle\u015fme s\u00fcresince s\u00f6zle\u015fmenin ba\u015flad\u0131\u011f\u0131 tarih itibariyle BRKSOFT ile m\u00fc\u015fterinin kar\u015f\u0131l\u0131kl\u0131 anla\u015f\u0131larak belirlenmi\u015f olan tutar\u0131 \u00f6demekle<\/li>\n<\/ul>\n<\/li>\n<\/ul>\n\n\n\n<p>y\u00fck\u00fcml\u00fcd\u00fcr.<\/p>\n\n\n\n<h1 class=\"wp-block-heading\" id=\"h-madde-4-brksoft-un-yukumlulukleri\">MADDE 4: BRKSOFT` UN Y\u00dcK\u00dcML\u00dcL\u00dcKLER\u0130<\/h1>\n\n\n\n<ul class=\"wp-block-list\">\n<li>S\u00f6zle\u015fmede bahsedilen i\u015flevleri ger\u00e7ekle\u015ftirmekle y\u00fck\u00fcml\u00fcd\u00fcr.<ul><li>M\u00dc\u015eTER\u0130\u2019ye sat\u0131n alm\u0131\u015f oldu\u011fu paket ve varsa ek \u00f6zellik gibi hizmetleri sunmakla y\u00fck\u00fcml\u00fcd\u00fcr.<\/li><\/ul>\n<ul class=\"wp-block-list\">\n<li>M\u00dc\u015eTER\u0130\u2019ye sa\u011flanmakta olan hizmetlerle ilgili olu\u015fabilecek yaz\u0131l\u0131m hatalar\u0131n\u0131 ve her t\u00fcrl\u00fc m\u00fc\u015fteriye tehdit olu\u015fturabilecek g\u00fcvenlik a\u00e7\u0131\u011f\u0131n\u0131 d\u00fczeltmekle y\u00fck\u00fcml\u00fcd\u00fcr.<\/li>\n\n\n\n<li>M\u00dc\u015eTER\u0130\u2019ye i\u015f sonras\u0131nda 2 adet revize hakk\u0131 sa\u011flamakla y\u00fck\u00fcml\u00fcd\u00fcr, revize haklar\u0131 g\u00f6nderilen her revize dosyas\u0131 i\u00e7in 1 hak olarak ge\u00e7er ve revize dosyalar\u0131 30 maddeden uzun olamaz ve her madde 500 harfden uzun olamaz. M\u00dc\u015eTER\u0130 ilerleyen zamanlarda ikiden fazla revize hakk\u0131 talep ederse bu hizmet ek \u00fccrete tabi olur, hizmetin \u00fccretini BRKSOFT kendi insiyatifine g\u00f6re belirleme hakk\u0131na sahiptir.<\/li>\n<\/ul>\n<\/li>\n<\/ul>\n\n\n\n<h1 class=\"wp-block-heading\" id=\"h-madde-5-gizlilik-ve-guvenlik\">MADDE 5: G\u0130ZL\u0130L\u0130K VE G\u00dcVENL\u0130K<\/h1>\n\n\n\n<p>Hem BRKSOFT hem de M\u00dc\u015eTER\u0130 birbirlerinin gizlilik kurallar\u0131na sayg\u0131 g\u00f6stermelidir. \u00dc\u00e7\u00fcnc\u00fc \u015fah\u0131slarla payla\u015f\u0131lmas\u0131 zorunlu olmayan ve zaten di\u011fer ki\u015filerin ula\u015f\u0131m\u0131na a\u00e7\u0131k olmayan t\u00fcm bilgiler gizli kabul edilip ba\u015fka ki\u015filerle payla\u015f\u0131lmamal\u0131d\u0131r.<\/p>\n\n\n\n<ul class=\"wp-block-list\">\n<li>BRKSOFT, Dosya Transfer Yetkisi (FTP), Veri taban\u0131, Y\u00f6netim Kontrol Paneli \u015fifreleri ile yaz\u0131l\u0131m i\u00e7eri\u011fine ve veri taban\u0131na kay\u0131tl\u0131 bilgileri ve \u00f6zel bilgileri 3. ki\u015fi ve kurulu\u015flarla payla\u015fmayaca\u011f\u0131n\u0131 ve kulland\u0131rmayaca\u011f\u0131n\u0131 beyan ve taahh\u00fct eder.\n<ul class=\"wp-block-list\">\n<li>BRKSOFT, BRKSOFT \u00e7al\u0131\u015fanlar\u0131n\u0131n, herhangi bir kas\u0131t, ihmal ya da kusurundan dolay\u0131 M\u00dc\u015eTER\u0130 ye ait \u015fifrelerin, gizli bilgilerin (m\u00fc\u015fteri datas\u0131, web sitesi verileri, web sitesi eri\u015fim bilgileri, vs. gibi t\u00fcm ticari s\u0131r niteli\u011findeki bilgiler) 3. ki\u015fi veya kurulu\u015flar\u0131n eline ge\u00e7mesi halinde do\u011fabilecek zararlar i\u00e7in BRKSOFT mesul olup, bu konuda M\u00dc\u015eTER\u0130\u2019nin t\u00fcm maddi ve manevi tazminat haklar\u0131&nbsp;sakl\u0131d\u0131r.<\/li>\n\n\n\n<li>M\u00dc\u015eTER\u0130, kendi \u00e7al\u0131\u015fanlar\u0131n\u0131n, herhangi bir kas\u0131t, ihmal ya da kusurundan dolay\u0131 \u015fifrelerin 3.<\/li>\n<\/ul>\n<\/li>\n<\/ul>\n\n\n\n<p>ki\u015fi veya kurulu\u015flar\u0131n eline ge\u00e7mesi halinde do\u011fabilecek zararlardan BRKSOFT mesul de\u011fildir.<br><\/p>\n\n\n\n<h1 class=\"wp-block-heading\" id=\"h-madde-6-elektronik-kayitlarin-gecerliligi\">MADDE 6: ELEKTRON\u0130K KAYITLARIN GE\u00c7ERL\u0130L\u0130\u011e\u0130<\/h1>\n\n\n\n<p>Taraflar aras\u0131nda ve taraflar\u0131n yetkililerince yap\u0131lan e-posta, anl\u0131k mesaj ve faks gibi elektronik yaz\u0131\u015fma kay\u0131tlar\u0131, kanunen ge\u00e7erli delil say\u0131larak, usul hukuku ba\u011flam\u0131nda kesin ve ba\u011flay\u0131c\u0131 delil olarak kabul edilmi\u015ftir.<\/p>\n\n\n\n<h1 class=\"wp-block-heading\" id=\"h-madde-7-tebligatlar\">MADDE 7: TEBL\u0130GATLAR<\/h1>\n\n\n\n<p>\u0130\u015fbu s\u00f6zle\u015fme ve uygulanmas\u0131 ile ilgili olarak yap\u0131lacak her t\u00fcrl\u00fc tebligat i\u00e7in, taraflar, i\u015fbu s\u00f6zle\u015fmede yaz\u0131l\u0131 adresleri, yasal ikametg\u00e2h olarak belirlemi\u015flerdir. Taraflar, bu adreslerde vaki de\u011fi\u015fiklikleri, di\u011fer tarafa, noter kanal\u0131 veya iadeli taahh\u00fctl\u00fc mektup yolu ile bildirmedikleri takdirde, bu adreslerine yap\u0131lacak tebligatlar\u0131n ge\u00e7erli, usul\u00fcne uygun ve kendilerine yap\u0131lm\u0131\u015f say\u0131laca\u011f\u0131n\u0131 kabul, beyan ve taahh\u00fct ederler.<\/p>\n\n\n\n<h1 class=\"wp-block-heading\" id=\"h-madde-8-proje-yapi-sekli-ve-sureci\">MADDE 8: PROJE YAPI \u015eEKL\u0130 ve S\u00dcREC\u0130<\/h1>\n\n\n\n<p>BRKSOFT, m\u00fc\u015fteriye sa\u011flayaca\u011f\u0131 internet adresi arac\u0131l\u0131\u011f\u0131yla m\u00fc\u015fterinin yaz\u0131l\u0131m yap\u0131m\u00a0\u00a0 a\u015famas\u0131n\u0131 ve yap\u0131lan \u00e7al\u0131\u015fmay\u0131 takip edebilmesini sa\u011flayacakt\u0131r. <br><br>M\u00dc\u015eTER\u0130 ile BRKSOFT aras\u0131nda imzalanan s\u00f6zle\u015fmenin ge\u00e7erlilik s\u00fcresi 1 y\u0131l s\u00fcre i\u00e7in ge\u00e7erlidir.<\/p>\n\n\n\n<h1 class=\"wp-block-heading\" id=\"h-madde-9-yetkili-mahkeme-ve-icra-daireleri\">MADDE 9: YETK\u0130L\u0130 MAHKEME VE \u0130CRA DA\u0130RELER\u0130<\/h1>\n\n\n\n<p>\u0130\u015fbu s\u00f6zle\u015fmenin uygulanmas\u0131ndan do\u011fabilecek her t\u00fcrl\u00fc uyu\u015fmazl\u0131klar\u0131n \u00e7\u00f6z\u00fcm\u00fcnde \u0130stanbul Mahkemeleri ve \u0130cra Daireleri yetkilidir. 9 (dokuz) maddeden olu\u015fan i\u015fbu s\u00f6zle\u015fme ..\/..\/202. tarihinde 2 (\u0130ki) n\u00fcsha olarak d\u00fczenlenmi\u015f olup, okunmu\u015f ve imza alt\u0131na al\u0131nm\u0131\u015ft\u0131r.<\/p>\n\n\n\n<p>M\u00dc\u015eTER\u0130&nbsp;&nbsp;&nbsp;&nbsp;&nbsp;&nbsp;&nbsp;&nbsp;&nbsp;&nbsp;&nbsp;&nbsp;&nbsp;&nbsp;&nbsp;&nbsp;&nbsp;&nbsp;&nbsp;&nbsp;&nbsp;&nbsp;&nbsp;&nbsp;&nbsp;&nbsp;&nbsp;&nbsp;&nbsp;&nbsp;&nbsp;&nbsp;&nbsp;&nbsp;&nbsp;&nbsp;&nbsp;&nbsp;&nbsp;&nbsp;&nbsp;&nbsp;&nbsp;&nbsp;&nbsp;&nbsp;&nbsp;&nbsp;&nbsp;&nbsp;&nbsp;&nbsp;&nbsp;&nbsp;&nbsp;&nbsp;&nbsp;&nbsp;&nbsp;&nbsp;&nbsp;&nbsp;&nbsp;&nbsp;&nbsp;&nbsp;&nbsp;&nbsp;&nbsp;&nbsp;&nbsp;&nbsp;&nbsp;&nbsp;&nbsp;&nbsp;&nbsp;&nbsp;&nbsp;&nbsp;&nbsp;&nbsp;&nbsp;&nbsp;&nbsp;&nbsp;&nbsp;&nbsp;&nbsp;&nbsp;&nbsp;&nbsp;&nbsp;&nbsp;&nbsp;&nbsp;&nbsp;&nbsp;&nbsp;&nbsp;&nbsp;&nbsp;&nbsp;&nbsp;&nbsp;&nbsp;&nbsp;&nbsp;&nbsp;&nbsp;&nbsp;&nbsp;&nbsp;&nbsp;&nbsp;&nbsp;&nbsp;&nbsp;&nbsp;&nbsp;&nbsp;&nbsp; BRKSOFT<\/p>\n","protected":false},"excerpt":{"rendered":"<p>YAZILIM GEL\u0130\u015eT\u0130RME S\u00d6ZLE\u015eMES\u0130 MADDE 1: TARAFLAR VE TANIMLAR \u0130\u015f bu s\u00f6zle\u015fme ..\/..\/202. tarihinde merkezi ATAKENT MAH. KAMELYA SK. 3.ETAP C-17 1.-G\u0130R\u0130\u015e NO: 41\u0130\u00c7 KAPI NO: 13 K\u00dc\u00c7\u00dcK\u00c7EKMECE\/ \u0130STANBUL adresinde mukim, SAL\u0130H UTKU TEL\u0130S (BRKSOFT olarak an\u0131lacakt\u0131r) \u2026\u2026\u2026\u2026\u2026\u2026\u2026\u2026\u2026\u2026\u2026\u2026\u2026\u2026\u2026\u2026\u2026\u2026\u2026\u2026\u2026\u2026\u2026\u2026\u2026\u2026\u2026\u2026\u2026\u2026\u2026\u2026\u2026\u2026\u2026. adresinde mukim, \u2026\u2026\u2026\u2026\u2026\u2026\u2026\u2026\u2026\u2026\u2026\u2026\u2026.. (M\u00dc\u015eTER\u0130 olarak an\u0131lacakt\u0131r) aras\u0131nda imzalanm\u0131\u015ft\u0131r. MADDE 2: S\u00d6ZLE\u015eMEN\u0130N KONUSU \u0130\u015fbu s\u00f6zle\u015fme M\u00dc\u015eTER\u0130\u2019nin isteklerine ba\u011fl\u0131 olarak [&hellip;]<\/p>\n","protected":false},"author":2,"featured_media":0,"parent":0,"menu_order":0,"comment_status":"closed","ping_status":"closed","template":"template-fullwidth.php","meta":{"footnotes":""},"class_list":["post-1364","page","type-page","status-publish","hentry"],"yoast_head":"<!-- This site is optimized with the Yoast SEO Premium plugin v23.8 (Yoast SEO v27.2) - https:\/\/yoast.com\/product\/yoast-seo-premium-wordpress\/ -->\n<title>Mesafeli Sat\u0131\u015f S\u00f6zle\u015fmesi | Brksoft<\/title>\n<meta name=\"description\" content=\"\u0130\u015fbu S\u00f6zle\u015fme a\u015fa\u011f\u0131daki taraflar aras\u0131nda a\u015fa\u011f\u0131da belirtilen h\u00fck\u00fcm ve \u015fartlar \u00e7er\u00e7evesinde imzalanm\u0131\u015ft\u0131r. Mesafeli Sat\u0131\u015f S\u00f6zle\u015fmesi Brksoft\" \/>\n<meta name=\"robots\" content=\"index, follow, max-snippet:-1, max-image-preview:large, max-video-preview:-1\" \/>\n<link rel=\"canonical\" href=\"https:\/\/brksoft.com\/tr\/terms-and-conditions\/\" \/>\n<meta property=\"og:locale\" content=\"tr_TR\" \/>\n<meta property=\"og:type\" content=\"article\" \/>\n<meta property=\"og:title\" content=\"Mesafeli Sat\u0131\u015f S\u00f6zle\u015fmesi\" \/>\n<meta property=\"og:description\" content=\"\u0130\u015fbu S\u00f6zle\u015fme a\u015fa\u011f\u0131daki taraflar aras\u0131nda a\u015fa\u011f\u0131da belirtilen h\u00fck\u00fcm ve \u015fartlar \u00e7er\u00e7evesinde imzalanm\u0131\u015ft\u0131r. Mesafeli Sat\u0131\u015f S\u00f6zle\u015fmesi Brksoft\" \/>\n<meta property=\"og:url\" content=\"https:\/\/brksoft.com\/tr\/terms-and-conditions\/\" \/>\n<meta property=\"og:site_name\" content=\"Brksoft\" \/>\n<meta property=\"article:publisher\" content=\"https:\/\/www.facebook.com\/brksoft\" \/>\n<meta property=\"article:modified_time\" content=\"2025-06-20T15:56:54+00:00\" \/>\n<meta property=\"og:image\" content=\"https:\/\/brksoft.com\/tr\/wp-content\/uploads\/2023\/10\/Adsiz-tasarim-26.png\" \/>\n\t<meta property=\"og:image:width\" content=\"500\" \/>\n\t<meta property=\"og:image:height\" content=\"500\" \/>\n\t<meta property=\"og:image:type\" content=\"image\/png\" \/>\n<meta name=\"twitter:card\" content=\"summary_large_image\" \/>\n<meta name=\"twitter:site\" content=\"@brksoft\" \/>\n<meta name=\"twitter:label1\" content=\"Tahmini okuma s\u00fcresi\" \/>\n\t<meta name=\"twitter:data1\" content=\"4 dakika\" \/>\n<script type=\"application\/ld+json\" class=\"yoast-schema-graph\">{\"@context\":\"https:\/\/schema.org\",\"@graph\":[{\"@type\":\"WebPage\",\"@id\":\"https:\/\/brksoft.com\/tr\/terms-and-conditions\/\",\"url\":\"https:\/\/brksoft.com\/tr\/terms-and-conditions\/\",\"name\":\"Mesafeli Sat\u0131\u015f S\u00f6zle\u015fmesi | Brksoft\",\"isPartOf\":{\"@id\":\"https:\/\/brksoft.com\/tr\/#website\"},\"datePublished\":\"2023-03-24T10:58:02+00:00\",\"dateModified\":\"2025-06-20T15:56:54+00:00\",\"description\":\"\u0130\u015fbu S\u00f6zle\u015fme a\u015fa\u011f\u0131daki taraflar aras\u0131nda a\u015fa\u011f\u0131da belirtilen h\u00fck\u00fcm ve \u015fartlar \u00e7er\u00e7evesinde imzalanm\u0131\u015ft\u0131r. Mesafeli Sat\u0131\u015f S\u00f6zle\u015fmesi Brksoft\",\"breadcrumb\":{\"@id\":\"https:\/\/brksoft.com\/tr\/terms-and-conditions\/#breadcrumb\"},\"inLanguage\":\"tr\",\"potentialAction\":[{\"@type\":\"ReadAction\",\"target\":[\"https:\/\/brksoft.com\/tr\/terms-and-conditions\/\"]}]},{\"@type\":\"BreadcrumbList\",\"@id\":\"https:\/\/brksoft.com\/tr\/terms-and-conditions\/#breadcrumb\",\"itemListElement\":[{\"@type\":\"ListItem\",\"position\":1,\"name\":\"Ana Sayfa\",\"item\":\"https:\/\/brksoft.com\/tr\/\"},{\"@type\":\"ListItem\",\"position\":2,\"name\":\"Mesafeli Sat\u0131\u015f S\u00f6zle\u015fmesi\"}]},{\"@type\":\"WebSite\",\"@id\":\"https:\/\/brksoft.com\/tr\/#website\",\"url\":\"https:\/\/brksoft.com\/tr\/\",\"name\":\"Brksoft\",\"description\":\"Bir e-ticaret sitesi kurmak art\u0131k \u00e7ok kolay\",\"publisher\":{\"@id\":\"https:\/\/brksoft.com\/tr\/#organization\"},\"potentialAction\":[{\"@type\":\"SearchAction\",\"target\":{\"@type\":\"EntryPoint\",\"urlTemplate\":\"https:\/\/brksoft.com\/tr\/?s={search_term_string}\"},\"query-input\":{\"@type\":\"PropertyValueSpecification\",\"valueRequired\":true,\"valueName\":\"search_term_string\"}}],\"inLanguage\":\"tr\"},{\"@type\":\"Organization\",\"@id\":\"https:\/\/brksoft.com\/tr\/#organization\",\"name\":\"Brksoft\",\"url\":\"https:\/\/brksoft.com\/tr\/\",\"logo\":{\"@type\":\"ImageObject\",\"inLanguage\":\"tr\",\"@id\":\"https:\/\/brksoft.com\/tr\/#\/schema\/logo\/image\/\",\"url\":\"https:\/\/brksoft.com\/tr\/wp-content\/uploads\/2023\/12\/Brksoft-45.png\",\"contentUrl\":\"https:\/\/brksoft.com\/tr\/wp-content\/uploads\/2023\/12\/Brksoft-45.png\",\"width\":2000,\"height\":2000,\"caption\":\"Brksoft\"},\"image\":{\"@id\":\"https:\/\/brksoft.com\/tr\/#\/schema\/logo\/image\/\"},\"sameAs\":[\"https:\/\/www.facebook.com\/brksoft\",\"https:\/\/x.com\/brksoft\",\"https:\/\/www.instagram.com\/brksoft\/\",\"https:\/\/www.linkedin.com\/company\/brksoft\/?viewAsMember=true\",\"https:\/\/www.youtube.com\/@brksoftt\"]}]}<\/script>\n<!-- \/ Yoast SEO Premium plugin. -->","yoast_head_json":{"title":"Mesafeli Sat\u0131\u015f S\u00f6zle\u015fmesi | Brksoft","description":"\u0130\u015fbu S\u00f6zle\u015fme a\u015fa\u011f\u0131daki taraflar aras\u0131nda a\u015fa\u011f\u0131da belirtilen h\u00fck\u00fcm ve \u015fartlar \u00e7er\u00e7evesinde imzalanm\u0131\u015ft\u0131r. Mesafeli Sat\u0131\u015f S\u00f6zle\u015fmesi Brksoft","robots":{"index":"index","follow":"follow","max-snippet":"max-snippet:-1","max-image-preview":"max-image-preview:large","max-video-preview":"max-video-preview:-1"},"canonical":"https:\/\/brksoft.com\/tr\/terms-and-conditions\/","og_locale":"tr_TR","og_type":"article","og_title":"Mesafeli Sat\u0131\u015f S\u00f6zle\u015fmesi","og_description":"\u0130\u015fbu S\u00f6zle\u015fme a\u015fa\u011f\u0131daki taraflar aras\u0131nda a\u015fa\u011f\u0131da belirtilen h\u00fck\u00fcm ve \u015fartlar \u00e7er\u00e7evesinde imzalanm\u0131\u015ft\u0131r. Mesafeli Sat\u0131\u015f S\u00f6zle\u015fmesi Brksoft","og_url":"https:\/\/brksoft.com\/tr\/terms-and-conditions\/","og_site_name":"Brksoft","article_publisher":"https:\/\/www.facebook.com\/brksoft","article_modified_time":"2025-06-20T15:56:54+00:00","og_image":[{"width":500,"height":500,"url":"https:\/\/brksoft.com\/tr\/wp-content\/uploads\/2023\/10\/Adsiz-tasarim-26.png","type":"image\/png"}],"twitter_card":"summary_large_image","twitter_site":"@brksoft","twitter_misc":{"Tahmini okuma s\u00fcresi":"4 dakika"},"schema":{"@context":"https:\/\/schema.org","@graph":[{"@type":"WebPage","@id":"https:\/\/brksoft.com\/tr\/terms-and-conditions\/","url":"https:\/\/brksoft.com\/tr\/terms-and-conditions\/","name":"Mesafeli Sat\u0131\u015f S\u00f6zle\u015fmesi | Brksoft","isPartOf":{"@id":"https:\/\/brksoft.com\/tr\/#website"},"datePublished":"2023-03-24T10:58:02+00:00","dateModified":"2025-06-20T15:56:54+00:00","description":"\u0130\u015fbu S\u00f6zle\u015fme a\u015fa\u011f\u0131daki taraflar aras\u0131nda a\u015fa\u011f\u0131da belirtilen h\u00fck\u00fcm ve \u015fartlar \u00e7er\u00e7evesinde imzalanm\u0131\u015ft\u0131r. Mesafeli Sat\u0131\u015f S\u00f6zle\u015fmesi Brksoft","breadcrumb":{"@id":"https:\/\/brksoft.com\/tr\/terms-and-conditions\/#breadcrumb"},"inLanguage":"tr","potentialAction":[{"@type":"ReadAction","target":["https:\/\/brksoft.com\/tr\/terms-and-conditions\/"]}]},{"@type":"BreadcrumbList","@id":"https:\/\/brksoft.com\/tr\/terms-and-conditions\/#breadcrumb","itemListElement":[{"@type":"ListItem","position":1,"name":"Ana Sayfa","item":"https:\/\/brksoft.com\/tr\/"},{"@type":"ListItem","position":2,"name":"Mesafeli Sat\u0131\u015f S\u00f6zle\u015fmesi"}]},{"@type":"WebSite","@id":"https:\/\/brksoft.com\/tr\/#website","url":"https:\/\/brksoft.com\/tr\/","name":"Brksoft","description":"Bir e-ticaret sitesi kurmak art\u0131k \u00e7ok kolay","publisher":{"@id":"https:\/\/brksoft.com\/tr\/#organization"},"potentialAction":[{"@type":"SearchAction","target":{"@type":"EntryPoint","urlTemplate":"https:\/\/brksoft.com\/tr\/?s={search_term_string}"},"query-input":{"@type":"PropertyValueSpecification","valueRequired":true,"valueName":"search_term_string"}}],"inLanguage":"tr"},{"@type":"Organization","@id":"https:\/\/brksoft.com\/tr\/#organization","name":"Brksoft","url":"https:\/\/brksoft.com\/tr\/","logo":{"@type":"ImageObject","inLanguage":"tr","@id":"https:\/\/brksoft.com\/tr\/#\/schema\/logo\/image\/","url":"https:\/\/brksoft.com\/tr\/wp-content\/uploads\/2023\/12\/Brksoft-45.png","contentUrl":"https:\/\/brksoft.com\/tr\/wp-content\/uploads\/2023\/12\/Brksoft-45.png","width":2000,"height":2000,"caption":"Brksoft"},"image":{"@id":"https:\/\/brksoft.com\/tr\/#\/schema\/logo\/image\/"},"sameAs":["https:\/\/www.facebook.com\/brksoft","https:\/\/x.com\/brksoft","https:\/\/www.instagram.com\/brksoft\/","https:\/\/www.linkedin.com\/company\/brksoft\/?viewAsMember=true","https:\/\/www.youtube.com\/@brksoftt"]}]}},"_links":{"self":[{"href":"https:\/\/brksoft.com\/tr\/wp-json\/wp\/v2\/pages\/1364","targetHints":{"allow":["GET"]}}],"collection":[{"href":"https:\/\/brksoft.com\/tr\/wp-json\/wp\/v2\/pages"}],"about":[{"href":"https:\/\/brksoft.com\/tr\/wp-json\/wp\/v2\/types\/page"}],"author":[{"embeddable":true,"href":"https:\/\/brksoft.com\/tr\/wp-json\/wp\/v2\/users\/2"}],"replies":[{"embeddable":true,"href":"https:\/\/brksoft.com\/tr\/wp-json\/wp\/v2\/comments?post=1364"}],"version-history":[{"count":14,"href":"https:\/\/brksoft.com\/tr\/wp-json\/wp\/v2\/pages\/1364\/revisions"}],"predecessor-version":[{"id":6219,"href":"https:\/\/brksoft.com\/tr\/wp-json\/wp\/v2\/pages\/1364\/revisions\/6219"}],"wp:attachment":[{"href":"https:\/\/brksoft.com\/tr\/wp-json\/wp\/v2\/media?parent=1364"}],"curies":[{"name":"wp","href":"https:\/\/api.w.org\/{rel}","templated":true}]}}