{"id":1344,"date":"2023-03-24T13:40:54","date_gmt":"2023-03-24T10:40:54","guid":{"rendered":"https:\/\/brksoft.com\/tr\/?page_id=1344"},"modified":"2026-03-14T15:57:54","modified_gmt":"2026-03-14T12:57:54","slug":"iletisim","status":"publish","type":"page","link":"https:\/\/brksoft.com\/tr\/iletisim\/","title":{"rendered":"\u0130leti\u015fim"},"content":{"rendered":"\t\t<div data-elementor-type=\"wp-page\" data-elementor-id=\"1344\" class=\"elementor elementor-1344\" data-elementor-post-type=\"page\">\n\t\t\t\t\t\t<section class=\"elementor-section elementor-top-section elementor-element elementor-element-29ebc643 elementor-section-boxed elementor-section-height-default elementor-section-height-default\" data-id=\"29ebc643\" data-element_type=\"section\" data-e-type=\"section\">\n\t\t\t\t\t\t<div class=\"elementor-container elementor-column-gap-no\">\n\t\t\t\t\t<div class=\"elementor-column elementor-col-100 elementor-top-column elementor-element elementor-element-5c6d3040\" data-id=\"5c6d3040\" data-element_type=\"column\" data-e-type=\"column\">\n\t\t\t<div class=\"elementor-widget-wrap elementor-element-populated\">\n\t\t\t\t\t\t<section class=\"elementor-section elementor-inner-section elementor-element elementor-element-3102afbb elementor-section-boxed elementor-section-height-default elementor-section-height-default\" data-id=\"3102afbb\" data-element_type=\"section\" data-e-type=\"section\">\n\t\t\t\t\t\t<div class=\"elementor-container elementor-column-gap-no\">\n\t\t\t\t\t<div class=\"elementor-column elementor-col-50 elementor-inner-column elementor-element elementor-element-2315d99b elementor-invisible\" data-id=\"2315d99b\" data-element_type=\"column\" data-e-type=\"column\" data-settings=\"{&quot;animation&quot;:&quot;fadeInLeft&quot;}\">\n\t\t\t<div class=\"elementor-widget-wrap elementor-element-populated\">\n\t\t\t\t\t\t<div class=\"elementor-element elementor-element-4c7b9ee2 elementor-widget elementor-widget-heading\" data-id=\"4c7b9ee2\" data-element_type=\"widget\" data-e-type=\"widget\" data-widget_type=\"heading.default\">\n\t\t\t\t<div class=\"elementor-widget-container\">\n\t\t\t\t\t<h5 class=\"elementor-heading-title elementor-size-default\">- Brksoft<\/h5>\t\t\t\t<\/div>\n\t\t\t\t<\/div>\n\t\t\t\t<div class=\"elementor-element elementor-element-24ccaf71 elementor-widget elementor-widget-heading\" data-id=\"24ccaf71\" data-element_type=\"widget\" data-e-type=\"widget\" data-widget_type=\"heading.default\">\n\t\t\t\t<div class=\"elementor-widget-container\">\n\t\t\t\t\t<h1 class=\"elementor-heading-title elementor-size-default\">Bize Ula\u015f\u0131n<\/h1>\t\t\t\t<\/div>\n\t\t\t\t<\/div>\n\t\t\t\t\t<\/div>\n\t\t<\/div>\n\t\t\t\t<div class=\"elementor-column elementor-col-50 elementor-inner-column elementor-element elementor-element-a34be06 elementor-hidden-mobile\" data-id=\"a34be06\" data-element_type=\"column\" data-e-type=\"column\">\n\t\t\t<div class=\"elementor-widget-wrap elementor-element-populated\">\n\t\t\t\t\t\t<div class=\"elementor-element elementor-element-42a914f7 elementor-widget elementor-widget-image\" data-id=\"42a914f7\" data-element_type=\"widget\" data-e-type=\"widget\" data-widget_type=\"image.default\">\n\t\t\t\t<div class=\"elementor-widget-container\">\n\t\t\t\t\t\t\t\t\t\t\t\t\t\t\t<img decoding=\"async\" width=\"417\" height=\"270\" src=\"https:\/\/brksoft.com\/tr\/wp-content\/uploads\/2023\/03\/vault-insurance-about-accent-image-1.webp\" class=\"attachment-full size-full wp-image-1346\" alt=\"\" srcset=\"https:\/\/brksoft.com\/tr\/wp-content\/uploads\/2023\/03\/vault-insurance-about-accent-image-1.webp 417w, https:\/\/brksoft.com\/tr\/wp-content\/uploads\/2023\/03\/vault-insurance-about-accent-image-1-300x194.webp 300w, https:\/\/brksoft.com\/tr\/wp-content\/uploads\/2023\/03\/vault-insurance-about-accent-image-1-150x97.webp 150w\" sizes=\"(max-width: 360px) 147px, (max-width: 417px) 100vw, 417px\" \/>\t\t\t\t\t\t\t\t\t\t\t\t\t\t\t<\/div>\n\t\t\t\t<\/div>\n\t\t\t\t\t<\/div>\n\t\t<\/div>\n\t\t\t\t\t<\/div>\n\t\t<\/section>\n\t\t\t\t<section class=\"elementor-section elementor-inner-section elementor-element elementor-element-14a6a18 elementor-section-boxed elementor-section-height-default elementor-section-height-default\" data-id=\"14a6a18\" data-element_type=\"section\" data-e-type=\"section\">\n\t\t\t\t\t\t<div class=\"elementor-container elementor-column-gap-custom\">\n\t\t\t\t\t<div class=\"elementor-column elementor-col-33 elementor-inner-column elementor-element elementor-element-2152c0dd\" data-id=\"2152c0dd\" data-element_type=\"column\" data-e-type=\"column\">\n\t\t\t<div class=\"elementor-widget-wrap\">\n\t\t\t\t\t\t\t<\/div>\n\t\t<\/div>\n\t\t\t\t<div class=\"elementor-column elementor-col-33 elementor-inner-column elementor-element elementor-element-5bfddf8c\" data-id=\"5bfddf8c\" data-element_type=\"column\" data-e-type=\"column\">\n\t\t\t<div class=\"elementor-widget-wrap elementor-element-populated\">\n\t\t\t\t\t\t<div class=\"elementor-element elementor-element-a7e707c elementor-widget elementor-widget-heading\" data-id=\"a7e707c\" data-element_type=\"widget\" data-e-type=\"widget\" data-widget_type=\"heading.default\">\n\t\t\t\t<div class=\"elementor-widget-container\">\n\t\t\t\t\t<h2 class=\"elementor-heading-title elementor-size-default\"><a href=\"mailto:info@brksoft.com\">info@brksoft.com<\/a><\/h2>\t\t\t\t<\/div>\n\t\t\t\t<\/div>\n\t\t\t\t<div class=\"elementor-element elementor-element-416fd58 elementor-align-justify elementor-widget elementor-widget-button\" data-id=\"416fd58\" data-element_type=\"widget\" data-e-type=\"widget\" data-widget_type=\"button.default\">\n\t\t\t\t<div class=\"elementor-widget-container\">\n\t\t\t\t\t\t\t\t\t<div class=\"elementor-button-wrapper\">\n\t\t\t\t\t<a class=\"elementor-button elementor-button-link elementor-size-sm\" href=\"https:\/\/wa.me\/905457288342\" target=\"_blank\">\n\t\t\t\t\t\t<span class=\"elementor-button-content-wrapper\">\n\t\t\t\t\t\t\t\t\t<span class=\"elementor-button-text\">WhatsApp Hatt\u0131<\/span>\n\t\t\t\t\t<\/span>\n\t\t\t\t\t<\/a>\n\t\t\t\t<\/div>\n\t\t\t\t\t\t\t\t<\/div>\n\t\t\t\t<\/div>\n\t\t\t\t\t<\/div>\n\t\t<\/div>\n\t\t\t\t<div class=\"elementor-column elementor-col-33 elementor-inner-column elementor-element elementor-element-44d814ac\" data-id=\"44d814ac\" data-element_type=\"column\" data-e-type=\"column\">\n\t\t\t<div class=\"elementor-widget-wrap\">\n\t\t\t\t\t\t\t<\/div>\n\t\t<\/div>\n\t\t\t\t\t<\/div>\n\t\t<\/section>\n\t\t\t\t\t<\/div>\n\t\t<\/div>\n\t\t\t\t\t<\/div>\n\t\t<\/section>\n\t\t\t\t<\/div>\n\t\t","protected":false},"excerpt":{"rendered":"<p>&#8211; Brksoft Bize Ula\u015f\u0131n info@brksoft.com WhatsApp Hatt\u0131<\/p>\n","protected":false},"author":2,"featured_media":0,"parent":0,"menu_order":0,"comment_status":"closed","ping_status":"closed","template":"elementor_header_footer","meta":{"footnotes":""},"class_list":["post-1344","page","type-page","status-publish","hentry"],"yoast_head":"<!-- This site is optimized with the Yoast SEO Premium plugin v23.8 (Yoast SEO v27.2) - https:\/\/yoast.com\/product\/yoast-seo-premium-wordpress\/ -->\n<title>\u0130leti\u015fim | Brksoft<\/title>\n<meta name=\"description\" content=\"H\u0131zl\u0131 Destek: Destek ekibimiz size en ge\u00e7 2 saat i\u00e7erisinde geri d\u00f6n\u00fc\u015f sa\u011flayacakt\u0131r. E-Posta Adresi: info@brksoft.com\" \/>\n<meta name=\"robots\" content=\"index, follow, max-snippet:-1, max-image-preview:large, max-video-preview:-1\" \/>\n<link rel=\"canonical\" href=\"https:\/\/brksoft.com\/tr\/iletisim\/\" \/>\n<meta property=\"og:locale\" content=\"tr_TR\" \/>\n<meta property=\"og:type\" content=\"article\" \/>\n<meta property=\"og:title\" content=\"\u0130leti\u015fim\" \/>\n<meta property=\"og:description\" content=\"H\u0131zl\u0131 Destek: Destek ekibimiz size en ge\u00e7 2 saat i\u00e7erisinde geri d\u00f6n\u00fc\u015f sa\u011flayacakt\u0131r. E-Posta Adresi: info@brksoft.com\" \/>\n<meta property=\"og:url\" content=\"https:\/\/brksoft.com\/tr\/iletisim\/\" \/>\n<meta property=\"og:site_name\" content=\"Brksoft\" \/>\n<meta property=\"article:publisher\" content=\"https:\/\/www.facebook.com\/brksoft\" \/>\n<meta property=\"article:modified_time\" content=\"2026-03-14T12:57:54+00:00\" \/>\n<meta property=\"og:image\" content=\"https:\/\/brksoft.com\/tr\/wp-content\/uploads\/2023\/03\/vault-insurance-about-accent-image-1.webp\" \/>\n\t<meta property=\"og:image:width\" content=\"417\" \/>\n\t<meta property=\"og:image:height\" content=\"270\" \/>\n\t<meta property=\"og:image:type\" content=\"image\/webp\" \/>\n<meta name=\"twitter:card\" content=\"summary_large_image\" \/>\n<meta name=\"twitter:site\" content=\"@brksoft\" \/>\n<meta name=\"twitter:label1\" content=\"Tahmini okuma s\u00fcresi\" \/>\n\t<meta name=\"twitter:data1\" content=\"1 dakika\" \/>\n<script type=\"application\/ld+json\" class=\"yoast-schema-graph\">{\"@context\":\"https:\/\/schema.org\",\"@graph\":[{\"@type\":\"WebPage\",\"@id\":\"https:\/\/brksoft.com\/tr\/iletisim\/\",\"url\":\"https:\/\/brksoft.com\/tr\/iletisim\/\",\"name\":\"\u0130leti\u015fim | Brksoft\",\"isPartOf\":{\"@id\":\"https:\/\/brksoft.com\/tr\/#website\"},\"primaryImageOfPage\":{\"@id\":\"https:\/\/brksoft.com\/tr\/iletisim\/#primaryimage\"},\"image\":{\"@id\":\"https:\/\/brksoft.com\/tr\/iletisim\/#primaryimage\"},\"thumbnailUrl\":\"https:\/\/brksoft.com\/tr\/wp-content\/uploads\/2023\/03\/vault-insurance-about-accent-image-1.webp\",\"datePublished\":\"2023-03-24T10:40:54+00:00\",\"dateModified\":\"2026-03-14T12:57:54+00:00\",\"description\":\"H\u0131zl\u0131 Destek: Destek ekibimiz size en ge\u00e7 2 saat i\u00e7erisinde geri d\u00f6n\u00fc\u015f sa\u011flayacakt\u0131r. E-Posta Adresi: info@brksoft.com\",\"breadcrumb\":{\"@id\":\"https:\/\/brksoft.com\/tr\/iletisim\/#breadcrumb\"},\"inLanguage\":\"tr\",\"potentialAction\":[{\"@type\":\"ReadAction\",\"target\":[\"https:\/\/brksoft.com\/tr\/iletisim\/\"]}]},{\"@type\":\"ImageObject\",\"inLanguage\":\"tr\",\"@id\":\"https:\/\/brksoft.com\/tr\/iletisim\/#primaryimage\",\"url\":\"https:\/\/brksoft.com\/tr\/wp-content\/uploads\/2023\/03\/vault-insurance-about-accent-image-1.webp\",\"contentUrl\":\"https:\/\/brksoft.com\/tr\/wp-content\/uploads\/2023\/03\/vault-insurance-about-accent-image-1.webp\",\"width\":417,\"height\":270},{\"@type\":\"BreadcrumbList\",\"@id\":\"https:\/\/brksoft.com\/tr\/iletisim\/#breadcrumb\",\"itemListElement\":[{\"@type\":\"ListItem\",\"position\":1,\"name\":\"Ana Sayfa\",\"item\":\"https:\/\/brksoft.com\/tr\/\"},{\"@type\":\"ListItem\",\"position\":2,\"name\":\"\u0130leti\u015fim\"}]},{\"@type\":\"WebSite\",\"@id\":\"https:\/\/brksoft.com\/tr\/#website\",\"url\":\"https:\/\/brksoft.com\/tr\/\",\"name\":\"Brksoft\",\"description\":\"Bir e-ticaret sitesi kurmak art\u0131k \u00e7ok kolay\",\"publisher\":{\"@id\":\"https:\/\/brksoft.com\/tr\/#organization\"},\"potentialAction\":[{\"@type\":\"SearchAction\",\"target\":{\"@type\":\"EntryPoint\",\"urlTemplate\":\"https:\/\/brksoft.com\/tr\/?s={search_term_string}\"},\"query-input\":{\"@type\":\"PropertyValueSpecification\",\"valueRequired\":true,\"valueName\":\"search_term_string\"}}],\"inLanguage\":\"tr\"},{\"@type\":\"Organization\",\"@id\":\"https:\/\/brksoft.com\/tr\/#organization\",\"name\":\"Brksoft\",\"url\":\"https:\/\/brksoft.com\/tr\/\",\"logo\":{\"@type\":\"ImageObject\",\"inLanguage\":\"tr\",\"@id\":\"https:\/\/brksoft.com\/tr\/#\/schema\/logo\/image\/\",\"url\":\"https:\/\/brksoft.com\/tr\/wp-content\/uploads\/2023\/12\/Brksoft-45.png\",\"contentUrl\":\"https:\/\/brksoft.com\/tr\/wp-content\/uploads\/2023\/12\/Brksoft-45.png\",\"width\":2000,\"height\":2000,\"caption\":\"Brksoft\"},\"image\":{\"@id\":\"https:\/\/brksoft.com\/tr\/#\/schema\/logo\/image\/\"},\"sameAs\":[\"https:\/\/www.facebook.com\/brksoft\",\"https:\/\/x.com\/brksoft\",\"https:\/\/www.instagram.com\/brksoft\/\",\"https:\/\/www.linkedin.com\/company\/brksoft\/?viewAsMember=true\",\"https:\/\/www.youtube.com\/@brksoftt\"]}]}<\/script>\n<!-- \/ Yoast SEO Premium plugin. -->","yoast_head_json":{"title":"\u0130leti\u015fim | Brksoft","description":"H\u0131zl\u0131 Destek: Destek ekibimiz size en ge\u00e7 2 saat i\u00e7erisinde geri d\u00f6n\u00fc\u015f sa\u011flayacakt\u0131r. E-Posta Adresi: info@brksoft.com","robots":{"index":"index","follow":"follow","max-snippet":"max-snippet:-1","max-image-preview":"max-image-preview:large","max-video-preview":"max-video-preview:-1"},"canonical":"https:\/\/brksoft.com\/tr\/iletisim\/","og_locale":"tr_TR","og_type":"article","og_title":"\u0130leti\u015fim","og_description":"H\u0131zl\u0131 Destek: Destek ekibimiz size en ge\u00e7 2 saat i\u00e7erisinde geri d\u00f6n\u00fc\u015f sa\u011flayacakt\u0131r. E-Posta Adresi: info@brksoft.com","og_url":"https:\/\/brksoft.com\/tr\/iletisim\/","og_site_name":"Brksoft","article_publisher":"https:\/\/www.facebook.com\/brksoft","article_modified_time":"2026-03-14T12:57:54+00:00","og_image":[{"width":417,"height":270,"url":"https:\/\/brksoft.com\/tr\/wp-content\/uploads\/2023\/03\/vault-insurance-about-accent-image-1.webp","type":"image\/webp"}],"twitter_card":"summary_large_image","twitter_site":"@brksoft","twitter_misc":{"Tahmini okuma s\u00fcresi":"1 dakika"},"schema":{"@context":"https:\/\/schema.org","@graph":[{"@type":"WebPage","@id":"https:\/\/brksoft.com\/tr\/iletisim\/","url":"https:\/\/brksoft.com\/tr\/iletisim\/","name":"\u0130leti\u015fim | Brksoft","isPartOf":{"@id":"https:\/\/brksoft.com\/tr\/#website"},"primaryImageOfPage":{"@id":"https:\/\/brksoft.com\/tr\/iletisim\/#primaryimage"},"image":{"@id":"https:\/\/brksoft.com\/tr\/iletisim\/#primaryimage"},"thumbnailUrl":"https:\/\/brksoft.com\/tr\/wp-content\/uploads\/2023\/03\/vault-insurance-about-accent-image-1.webp","datePublished":"2023-03-24T10:40:54+00:00","dateModified":"2026-03-14T12:57:54+00:00","description":"H\u0131zl\u0131 Destek: Destek ekibimiz size en ge\u00e7 2 saat i\u00e7erisinde geri d\u00f6n\u00fc\u015f sa\u011flayacakt\u0131r. E-Posta Adresi: info@brksoft.com","breadcrumb":{"@id":"https:\/\/brksoft.com\/tr\/iletisim\/#breadcrumb"},"inLanguage":"tr","potentialAction":[{"@type":"ReadAction","target":["https:\/\/brksoft.com\/tr\/iletisim\/"]}]},{"@type":"ImageObject","inLanguage":"tr","@id":"https:\/\/brksoft.com\/tr\/iletisim\/#primaryimage","url":"https:\/\/brksoft.com\/tr\/wp-content\/uploads\/2023\/03\/vault-insurance-about-accent-image-1.webp","contentUrl":"https:\/\/brksoft.com\/tr\/wp-content\/uploads\/2023\/03\/vault-insurance-about-accent-image-1.webp","width":417,"height":270},{"@type":"BreadcrumbList","@id":"https:\/\/brksoft.com\/tr\/iletisim\/#breadcrumb","itemListElement":[{"@type":"ListItem","position":1,"name":"Ana Sayfa","item":"https:\/\/brksoft.com\/tr\/"},{"@type":"ListItem","position":2,"name":"\u0130leti\u015fim"}]},{"@type":"WebSite","@id":"https:\/\/brksoft.com\/tr\/#website","url":"https:\/\/brksoft.com\/tr\/","name":"Brksoft","description":"Bir e-ticaret sitesi kurmak art\u0131k \u00e7ok kolay","publisher":{"@id":"https:\/\/brksoft.com\/tr\/#organization"},"potentialAction":[{"@type":"SearchAction","target":{"@type":"EntryPoint","urlTemplate":"https:\/\/brksoft.com\/tr\/?s={search_term_string}"},"query-input":{"@type":"PropertyValueSpecification","valueRequired":true,"valueName":"search_term_string"}}],"inLanguage":"tr"},{"@type":"Organization","@id":"https:\/\/brksoft.com\/tr\/#organization","name":"Brksoft","url":"https:\/\/brksoft.com\/tr\/","logo":{"@type":"ImageObject","inLanguage":"tr","@id":"https:\/\/brksoft.com\/tr\/#\/schema\/logo\/image\/","url":"https:\/\/brksoft.com\/tr\/wp-content\/uploads\/2023\/12\/Brksoft-45.png","contentUrl":"https:\/\/brksoft.com\/tr\/wp-content\/uploads\/2023\/12\/Brksoft-45.png","width":2000,"height":2000,"caption":"Brksoft"},"image":{"@id":"https:\/\/brksoft.com\/tr\/#\/schema\/logo\/image\/"},"sameAs":["https:\/\/www.facebook.com\/brksoft","https:\/\/x.com\/brksoft","https:\/\/www.instagram.com\/brksoft\/","https:\/\/www.linkedin.com\/company\/brksoft\/?viewAsMember=true","https:\/\/www.youtube.com\/@brksoftt"]}]}},"_links":{"self":[{"href":"https:\/\/brksoft.com\/tr\/wp-json\/wp\/v2\/pages\/1344","targetHints":{"allow":["GET"]}}],"collection":[{"href":"https:\/\/brksoft.com\/tr\/wp-json\/wp\/v2\/pages"}],"about":[{"href":"https:\/\/brksoft.com\/tr\/wp-json\/wp\/v2\/types\/page"}],"author":[{"embeddable":true,"href":"https:\/\/brksoft.com\/tr\/wp-json\/wp\/v2\/users\/2"}],"replies":[{"embeddable":true,"href":"https:\/\/brksoft.com\/tr\/wp-json\/wp\/v2\/comments?post=1344"}],"version-history":[{"count":45,"href":"https:\/\/brksoft.com\/tr\/wp-json\/wp\/v2\/pages\/1344\/revisions"}],"predecessor-version":[{"id":7087,"href":"https:\/\/brksoft.com\/tr\/wp-json\/wp\/v2\/pages\/1344\/revisions\/7087"}],"wp:attachment":[{"href":"https:\/\/brksoft.com\/tr\/wp-json\/wp\/v2\/media?parent=1344"}],"curies":[{"name":"wp","href":"https:\/\/api.w.org\/{rel}","templated":true}]}}